{"id":1806,"date":"2025-05-02T03:05:56","date_gmt":"2025-05-02T03:05:56","guid":{"rendered":"https:\/\/anpado.com\/?page_id=1806"},"modified":"2025-12-11T08:00:32","modified_gmt":"2025-12-11T08:00:32","slug":"referenzen-naturstein-betonwerkstein","status":"publish","type":"page","link":"https:\/\/anpado.com\/de\/referenzen-naturstein-betonwerkstein\/","title":{"rendered":"Referenzen Naturstein Betonwerkstein"},"content":{"rendered":"\t\t<div data-elementor-type=\"wp-page\" data-elementor-id=\"1806\" class=\"elementor elementor-1806\" data-elementor-post-type=\"page\">\n\t\t\t\t<div class=\"elementor-element elementor-element-a0e32ec e-flex e-con-boxed e-con e-parent\" data-id=\"a0e32ec\" data-element_type=\"container\" data-e-type=\"container\" data-settings=\"{&quot;background_background&quot;:&quot;classic&quot;}\">\n\t\t\t\t\t<div class=\"e-con-inner\">\n\t\t<div class=\"elementor-element elementor-element-901366a e-con-full e-flex e-con e-child\" data-id=\"901366a\" data-element_type=\"container\" data-e-type=\"container\">\n\t\t<div class=\"elementor-element elementor-element-84d1616 e-con-full e-flex e-con e-child\" data-id=\"84d1616\" data-element_type=\"container\" data-e-type=\"container\">\n\t\t\t\t<div class=\"elementor-element elementor-element-724900c elementor-invisible elementor-widget elementor-widget-heading\" data-id=\"724900c\" data-element_type=\"widget\" data-e-type=\"widget\" data-settings=\"{&quot;_animation&quot;:&quot;fadeInLeft&quot;}\" data-widget_type=\"heading.default\">\n\t\t\t\t<div class=\"elementor-widget-container\">\n\t\t\t\t\t<h1 class=\"elementor-heading-title elementor-size-default\">Referenzen: Hochwertige Naturstein- &amp; Betonwerkstein-Projekte von ANPADO<\/h1>\t\t\t\t<\/div>\n\t\t\t\t<\/div>\n\t\t\t\t<div class=\"elementor-element elementor-element-30a3fb8 elementor-invisible elementor-widget elementor-widget-heading\" data-id=\"30a3fb8\" data-element_type=\"widget\" data-e-type=\"widget\" data-settings=\"{&quot;_animation&quot;:&quot;fadeInLeft&quot;,&quot;_animation_delay&quot;:200}\" data-widget_type=\"heading.default\">\n\t\t\t\t<div class=\"elementor-widget-container\">\n\t\t\t\t\t<h2 class=\"elementor-heading-title elementor-size-default\">Unsere Referenzprojekte im Bereich Naturstein- und Betonwerksteinbau im \u00dcberblick<\/h2>\t\t\t\t<\/div>\n\t\t\t\t<\/div>\n\t\t\t\t<div class=\"elementor-element elementor-element-f801c77 elementor-invisible elementor-widget elementor-widget-text-editor\" data-id=\"f801c77\" data-element_type=\"widget\" data-e-type=\"widget\" data-settings=\"{&quot;_animation&quot;:&quot;fadeInLeft&quot;,&quot;_animation_delay&quot;:400}\" data-widget_type=\"text-editor.default\">\n\t\t\t\t<div class=\"elementor-widget-container\">\n\t\t\t\t\t\t\t\t\t<p>Als erfahrener Partner f\u00fcr Bauunternehmen und Bautr\u00e4ger realisiert ANPADO deutschlandweit hochwertige Projekte mit Naturstein und Betonwerkstein. Unsere Referenzen zeigen die Vielfalt unserer Leistungen \u2013 von gro\u00dffl\u00e4chigen Bodenbel\u00e4gen bis hin zu pr\u00e4zise gefertigten Treppenanlagen. Jedes Projekt steht f\u00fcr Qualit\u00e4t, Termintreue und handwerkliche Pr\u00e4zision.<\/p>\t\t\t\t\t\t\t\t<\/div>\n\t\t\t\t<\/div>\n\t\t\t\t<\/div>\n\t\t\t\t<\/div>\n\t\t<div class=\"elementor-element elementor-element-3f26f9e e-con-full elementor-hidden-tablet_extra elementor-hidden-tablet elementor-hidden-mobile elementor-hidden-mobile_extra e-flex e-con e-child\" data-id=\"3f26f9e\" data-element_type=\"container\" data-e-type=\"container\">\n\t\t\t\t<\/div>\n\t\t\t\t\t<\/div>\n\t\t\t\t<\/div>\n\t\t<div class=\"elementor-element elementor-element-d5fce32 e-con-full e-flex e-con e-parent\" data-id=\"d5fce32\" data-element_type=\"container\" data-e-type=\"container\">\n\t\t\t\t<div class=\"elementor-element elementor-element-1e501b5 elementor-widget elementor-widget-embedpress_pdf\" data-id=\"1e501b5\" data-element_type=\"widget\" data-e-type=\"widget\" data-widget_type=\"embedpress_pdf.default\">\n\t\t\t\t<div class=\"elementor-widget-container\">\n\t\t\t\t\t    <div class=\"embedpress-document-embed ep-doc-5a6b5d237d9c6345f13f5d24e02e29ea ose-document emebedpress-unit-percent \" data-thememode=\"default\" data-customcolor=\"\" data-toolbar=\"yes\" data-toolbar-position=\"top\" data-open=\"no\" data-presentation-mode=\"yes\" data-download=\"yes\" data-copy=\"yes\" data-add-image=\"yes\" data-rotate=\"yes\" data-details=\"yes\" data-id=\"embedpress-pdf-1e501b5\" data-selection-tool=\"0\" data-scrolling=\"0\" data-spreads=\"-1\" style=\" max-width:100%; display: inline-block\">\n\n        \n                <div >\n\n                    <div id=\"ep-elementor-content-1e501b5\" class=\"ep-elementor-content   ep-percentage-width   ep-content-protection-disabled\">\n                        <div id=\"1e501b5\" class=\"ep-embed-content-wraper\">\n                            <div><iframe title=\"Referenzliste ANPADO 2025\" class=\"embedpress-embed-document-pdf embedpress-pdf-1e501b5\" style=\"width: 100%!important;height: 900px;; max-width:100%; display: inline-block\" src=\"https:\/\/anpado.com\/wp-admin\/admin-ajax.php?action=get_flipbook_viewer&#038;file=https%3A%2F%2Fanpado.com%2Fwp-content%2Fuploads%2F2025%2F12%2FReferenzliste-ANPADO-2025.pdf&#038;key=dGhlbWVNb2RlPWRlZmF1bHQmdG9vbGJhcj10cnVlJnBvc2l0aW9uPXRvcCZwcmVzZW50YXRpb249dHJ1ZSZsYXp5TG9hZD10cnVlJmRvd25sb2FkPXRydWUmY29weV90ZXh0PXRydWUmYWRkX3RleHQ9dHJ1ZSZkcmF3PXRydWUmYWRkX2ltYWdlPXRydWUmcGRmX3JvdGF0aW9uPXRydWUmcGRmX2RldGFpbHM9dHJ1ZSZ6b29tX2luPXRydWUmem9vbV9vdXQ9dHJ1ZSZmaXRfdmlldz10cnVlJmJvb2ttYXJrPXRydWUmc291bmQ9dHJ1ZSZmbGlwYm9va190b29sYmFyX3Bvc2l0aW9uPXRvcCZzZWxlY3Rpb25fdG9vbD0wJnNjcm9sbGluZz0wJnNwcmVhZHM9LTEmaXNfcHJvX2FjdGl2ZT0wJnBhZ2VOdW1iZXI9MSZ3YXRlcm1hcmtfdGV4dD0md2F0ZXJtYXJrX2ZvbnRfc2l6ZT00OCZ3YXRlcm1hcmtfY29sb3I9JTIzMDAwMDAwJndhdGVybWFya19vcGFjaXR5PTE1JndhdGVybWFya19zdHlsZT1jZW50ZXI=\" class=\"embedpress-embed-document-pdf embedpress-pdf-1e501b5\" data-emid=\"embedpress-pdf-1e501b5\" data-embed-type=\"PDF\" frameborder=\"0\"><\/iframe><\/div>                        <\/div>\n\n                    <\/div>\n\n\n                   \n                <\/div>\n            \n    <\/div>\n\n\t\t\t\t<\/div>\n\t\t\t\t<\/div>\n\t\t\t\t<\/div>\n\t\t<div class=\"elementor-element elementor-element-53f3ec6 e-flex e-con-boxed e-con e-parent\" data-id=\"53f3ec6\" data-element_type=\"container\" data-e-type=\"container\">\n\t\t\t\t\t<div class=\"e-con-inner\">\n\t\t<div class=\"elementor-element elementor-element-ca1eb19 e-con-full e-flex e-con e-child\" data-id=\"ca1eb19\" data-element_type=\"container\" data-e-type=\"container\">\n\t\t<div class=\"elementor-element elementor-element-f8d7a1b e-con-full e-flex e-con e-child\" data-id=\"f8d7a1b\" data-element_type=\"container\" data-e-type=\"container\">\n\t\t\t\t<div class=\"elementor-element elementor-element-f334923 elementor-widget elementor-widget-image\" data-id=\"f334923\" data-element_type=\"widget\" data-e-type=\"widget\" data-widget_type=\"image.default\">\n\t\t\t\t<div class=\"elementor-widget-container\">\n\t\t\t\t\t\t\t\t\t\t\t\t\t\t\t<img fetchpriority=\"high\" decoding=\"async\" width=\"693\" height=\"406\" src=\"https:\/\/anpado.com\/wp-content\/uploads\/2025\/05\/WIn-WIn-1.jpeg\" class=\"attachment-full size-full wp-image-1811\" alt=\"Win Win in D\u00fcsseldorf\" srcset=\"https:\/\/anpado.com\/wp-content\/uploads\/2025\/05\/WIn-WIn-1.jpeg 693w, https:\/\/anpado.com\/wp-content\/uploads\/2025\/05\/WIn-WIn-1-300x176.jpeg 300w, https:\/\/anpado.com\/wp-content\/uploads\/2025\/05\/WIn-WIn-1-18x12.jpeg 18w\" sizes=\"(max-width: 693px) 100vw, 693px\" \/>\t\t\t\t\t\t\t\t\t\t\t\t\t\t\t<\/div>\n\t\t\t\t<\/div>\n\t\t\t\t<\/div>\n\t\t<div class=\"elementor-element elementor-element-664df2e e-con-full e-flex e-con e-child\" data-id=\"664df2e\" data-element_type=\"container\" data-e-type=\"container\">\n\t\t\t\t<div class=\"elementor-element elementor-element-4d838d5 elementor-widget elementor-widget-heading\" data-id=\"4d838d5\" data-element_type=\"widget\" data-e-type=\"widget\" data-widget_type=\"heading.default\">\n\t\t\t\t<div class=\"elementor-widget-container\">\n\t\t\t\t\t<h2 class=\"elementor-heading-title elementor-size-default\">Projekt WIN WIN D\u00fcsseldorf \u2013 3.000\u202fm\u00b2 Betonwerksteinboden f\u00fcr Gewerbeimmobilie<\/h2>\t\t\t\t<\/div>\n\t\t\t\t<\/div>\n\t\t\t\t<div class=\"elementor-element elementor-element-7f6bc95 elementor-widget elementor-widget-text-editor\" data-id=\"7f6bc95\" data-element_type=\"widget\" data-e-type=\"widget\" data-widget_type=\"text-editor.default\">\n\t\t\t\t<div class=\"elementor-widget-container\">\n\t\t\t\t\t\t\t\t\t<p>Beim renommierten Projekt WIN WIN in D\u00fcsseldorf, realisiert durch die Frankonia Eurobau Heimathafen GmbH, war ANPADO f\u00fcr die umfassende Verlegung des Betonsteinbodens zust\u00e4ndig. Insgesamt wurden rund 3.000 m\u00b2 Bodenfl\u00e4che mit hochwertigem Betonwerkstein belegt. Dieses Projekt zeichnete sich durch seine architektonisch anspruchsvolle Umsetzung und die hohen Anforderungen an Materialqualit\u00e4t und Verarbeitung aus.<br data-start=\"1716\" data-end=\"1719\" \/>Mit einem Projektvolumen von 700.000\u202f\u20ac unterstreicht diese Ausf\u00fchrung unsere Leistungsf\u00e4higkeit bei gro\u00dffl\u00e4chigen Objektbauten im st\u00e4dtischen Umfeld. Durch pr\u00e4zise Planung, zuverl\u00e4ssige Logistik und ein eingespieltes Montageteam konnte der Baufortschritt optimal unterst\u00fctzt und die gestellten Termine eingehalten werden.<br data-start=\"2044\" data-end=\"2047\" \/>Die von uns eingesetzten Werksteine erf\u00fcllen nicht nur h\u00f6chste funktionale Anforderungen, sondern f\u00fcgen sich harmonisch in das Gesamtbild des modernen Geb\u00e4udekonzepts ein \u2013 ein Beweis f\u00fcr die gestalterische und technische Kompetenz von ANPADO.<\/p>\t\t\t\t\t\t\t\t<\/div>\n\t\t\t\t<\/div>\n\t\t\t\t<\/div>\n\t\t\t\t<\/div>\n\t\t<div class=\"elementor-element elementor-element-bd43249 e-con-full e-flex e-con e-child\" data-id=\"bd43249\" data-element_type=\"container\" data-e-type=\"container\">\n\t\t<div class=\"elementor-element elementor-element-76c8585 e-con-full e-flex e-con e-child\" data-id=\"76c8585\" data-element_type=\"container\" data-e-type=\"container\">\n\t\t\t\t<div class=\"elementor-element elementor-element-1201a9b elementor-widget elementor-widget-image\" data-id=\"1201a9b\" data-element_type=\"widget\" data-e-type=\"widget\" data-widget_type=\"image.default\">\n\t\t\t\t<div class=\"elementor-widget-container\">\n\t\t\t\t\t\t\t\t\t\t\t\t\t\t\t<img decoding=\"async\" width=\"1200\" height=\"675\" src=\"https:\/\/anpado.com\/wp-content\/uploads\/2025\/05\/Am-Rodelberg.jpeg\" class=\"attachment-full size-full wp-image-1812\" alt=\"Am Rodelberg in Mainz\" srcset=\"https:\/\/anpado.com\/wp-content\/uploads\/2025\/05\/Am-Rodelberg.jpeg 1200w, https:\/\/anpado.com\/wp-content\/uploads\/2025\/05\/Am-Rodelberg-300x169.jpeg 300w, https:\/\/anpado.com\/wp-content\/uploads\/2025\/05\/Am-Rodelberg-1024x576.jpeg 1024w, https:\/\/anpado.com\/wp-content\/uploads\/2025\/05\/Am-Rodelberg-768x432.jpeg 768w, https:\/\/anpado.com\/wp-content\/uploads\/2025\/05\/Am-Rodelberg-18x10.jpeg 18w\" sizes=\"(max-width: 1200px) 100vw, 1200px\" \/>\t\t\t\t\t\t\t\t\t\t\t\t\t\t\t<\/div>\n\t\t\t\t<\/div>\n\t\t\t\t<\/div>\n\t\t<div class=\"elementor-element elementor-element-f20e7d2 e-con-full e-flex e-con e-child\" data-id=\"f20e7d2\" data-element_type=\"container\" data-e-type=\"container\">\n\t\t\t\t<div class=\"elementor-element elementor-element-da444c7 elementor-widget elementor-widget-heading\" data-id=\"da444c7\" data-element_type=\"widget\" data-e-type=\"widget\" data-widget_type=\"heading.default\">\n\t\t\t\t<div class=\"elementor-widget-container\">\n\t\t\t\t\t<h2 class=\"elementor-heading-title elementor-size-default\">Projekt Am Rodelberg Mainz \u2013 Natursteinb\u00f6den &amp; Treppen f\u00fcr Wohnkomplex<\/h2>\t\t\t\t<\/div>\n\t\t\t\t<\/div>\n\t\t\t\t<div class=\"elementor-element elementor-element-27cce81 elementor-widget elementor-widget-text-editor\" data-id=\"27cce81\" data-element_type=\"widget\" data-e-type=\"widget\" data-widget_type=\"text-editor.default\">\n\t\t\t\t<div class=\"elementor-widget-container\">\n\t\t\t\t\t\t\t\t\t<p>Beim Bauvorhaben \u201eAm Rodelberg\u201c in Mainz, realisiert durch die Implenia AG, war ANPADO f\u00fcr die Verarbeitung von Naturstein im Innenbereich verantwortlich. Unser Leistungsumfang umfasste die Verlegung von rund 1.200 m\u00b2 Natursteinboden sowie die Herstellung und Montage von ca. 1.200 Natursteinstufen.<br data-start=\"2648\" data-end=\"2651\" \/>Das Projekt erforderte h\u00f6chste Pr\u00e4zision und einen besonderen Fokus auf Material\u00e4sthetik und Oberfl\u00e4chenbearbeitung. Mit einem Projektvolumen von 350.000\u202f\u20ac demonstrieren wir hier unsere Kompetenz im Bereich hochwertiger Innenausbau mit Naturstein \u2013 von der Auswahl passender Gesteinsarten bis hin zur millimetergenauen Umsetzung vor Ort.<br data-start=\"2992\" data-end=\"2995\" \/>Durch unsere enge Zusammenarbeit mit dem Bautr\u00e4ger sowie der Bauleitung vor Ort konnten die komplexen logistischen und technischen Anforderungen effizient gel\u00f6st werden. Dieses Projekt steht exemplarisch f\u00fcr unsere F\u00e4higkeit, klassische Handwerkskunst mit moderner Bauorganisation zu verbinden \u2013 zur vollen Zufriedenheit unserer Auftraggeber.<\/p>\t\t\t\t\t\t\t\t<\/div>\n\t\t\t\t<\/div>\n\t\t\t\t<\/div>\n\t\t\t\t<\/div>\n\t\t<div class=\"elementor-element elementor-element-cb8617a e-con-full e-flex e-con e-child\" data-id=\"cb8617a\" data-element_type=\"container\" data-e-type=\"container\">\n\t\t<div class=\"elementor-element elementor-element-84be142 e-con-full e-flex e-con e-child\" data-id=\"84be142\" data-element_type=\"container\" data-e-type=\"container\">\n\t\t\t\t<div class=\"elementor-element elementor-element-3db86ee elementor-widget elementor-widget-image\" data-id=\"3db86ee\" data-element_type=\"widget\" data-e-type=\"widget\" data-widget_type=\"image.default\">\n\t\t\t\t<div class=\"elementor-widget-container\">\n\t\t\t\t\t\t\t\t\t\t\t\t\t\t\t<img decoding=\"async\" width=\"450\" height=\"300\" src=\"https:\/\/anpado.com\/wp-content\/uploads\/2025\/05\/Mark-Kairos.jpeg\" class=\"attachment-full size-full wp-image-1816\" alt=\"\" srcset=\"https:\/\/anpado.com\/wp-content\/uploads\/2025\/05\/Mark-Kairos.jpeg 450w, https:\/\/anpado.com\/wp-content\/uploads\/2025\/05\/Mark-Kairos-300x200.jpeg 300w, https:\/\/anpado.com\/wp-content\/uploads\/2025\/05\/Mark-Kairos-18x12.jpeg 18w\" sizes=\"(max-width: 450px) 100vw, 450px\" \/>\t\t\t\t\t\t\t\t\t\t\t\t\t\t\t<\/div>\n\t\t\t\t<\/div>\n\t\t\t\t<\/div>\n\t\t<div class=\"elementor-element elementor-element-caf11ae e-con-full e-flex e-con e-child\" data-id=\"caf11ae\" data-element_type=\"container\" data-e-type=\"container\">\n\t\t\t\t<div class=\"elementor-element elementor-element-31e43f8 elementor-widget elementor-widget-heading\" data-id=\"31e43f8\" data-element_type=\"widget\" data-e-type=\"widget\" data-widget_type=\"heading.default\">\n\t\t\t\t<div class=\"elementor-widget-container\">\n\t\t\t\t\t<h2 class=\"elementor-heading-title elementor-size-default\">Projekt Mark Kairos M\u00fcnchen \u2013 Betonwerksteinfl\u00e4chen f\u00fcr B\u00fcrogeb\u00e4ude<\/h2>\t\t\t\t<\/div>\n\t\t\t\t<\/div>\n\t\t\t\t<div class=\"elementor-element elementor-element-a2f228b elementor-widget elementor-widget-text-editor\" data-id=\"a2f228b\" data-element_type=\"widget\" data-e-type=\"widget\" data-widget_type=\"text-editor.default\">\n\t\t\t\t<div class=\"elementor-widget-container\">\n\t\t\t\t\t\t\t\t\t<p class=\"\" data-start=\"3385\" data-end=\"4401\">Das Projekt Mark Kairos in M\u00fcnchen, in Kooperation mit den Bautr\u00e4gern Ed. Z\u00fcblin AG und STRABAG SE, z\u00e4hlt zu den umfangreichsten Referenzvorhaben von ANPADO. Unser Team war mit der Fertigung und Verlegung von 4.000 m\u00b2 Betonwerksteinboden sowie 1.350 Betonwerksteinstufen betraut.<br data-start=\"3676\" data-end=\"3679\" \/>Die Herausforderung bestand in der pr\u00e4zisen Koordination der verschiedenen Ausf\u00fchrungsschritte innerhalb eines ambitionierten Zeitplans. Mit einem Auftragsvolumen von 870.000\u202f\u20ac stellt dieses Projekt eindrucksvoll unsere Kapazit\u00e4ten in der Realisierung gro\u00dfer Bauvorhaben unter Beweis.<br data-start=\"3967\" data-end=\"3970\" \/>Besondere Anforderungen an Tritt- und Rutschsicherheit, Widerstandsf\u00e4higkeit sowie ein \u00e4sthetisch homogenes Gesamtbild wurden von unserem erfahrenen Team erfolgreich umgesetzt. Die Ausf\u00fchrung erfolgte in enger Abstimmung mit Architekten und Bauleitung \u2013 termingerecht, wirtschaftlich und in bester Qualit\u00e4t.<br data-start=\"4277\" data-end=\"4280\" \/>Mark Kairos zeigt exemplarisch, wie ANPADO anspruchsvolle Werksteinarbeiten im Einklang mit moderner Architektur umsetzt.<\/p>\t\t\t\t\t\t\t\t<\/div>\n\t\t\t\t<\/div>\n\t\t\t\t<\/div>\n\t\t\t\t<\/div>\n\t\t<div class=\"elementor-element elementor-element-728b51c e-con-full e-flex e-con e-child\" data-id=\"728b51c\" data-element_type=\"container\" data-e-type=\"container\">\n\t\t<div class=\"elementor-element elementor-element-fdeadc0 e-con-full e-flex e-con e-child\" data-id=\"fdeadc0\" data-element_type=\"container\" data-e-type=\"container\">\n\t\t\t\t<div class=\"elementor-element elementor-element-c299789 elementor-widget elementor-widget-image\" data-id=\"c299789\" data-element_type=\"widget\" data-e-type=\"widget\" data-widget_type=\"image.default\">\n\t\t\t\t<div class=\"elementor-widget-container\">\n\t\t\t\t\t\t\t\t\t\t\t\t\t\t\t<img loading=\"lazy\" decoding=\"async\" width=\"800\" height=\"450\" src=\"https:\/\/anpado.com\/wp-content\/uploads\/2025\/05\/Waldviertel-1.jpeg\" class=\"attachment-large size-large wp-image-1818\" alt=\"Projekt Waldviertel in K\u00f6ln\" srcset=\"https:\/\/anpado.com\/wp-content\/uploads\/2025\/05\/Waldviertel-1.jpeg 1000w, https:\/\/anpado.com\/wp-content\/uploads\/2025\/05\/Waldviertel-1-300x169.jpeg 300w, https:\/\/anpado.com\/wp-content\/uploads\/2025\/05\/Waldviertel-1-768x432.jpeg 768w, https:\/\/anpado.com\/wp-content\/uploads\/2025\/05\/Waldviertel-1-18x10.jpeg 18w\" sizes=\"(max-width: 800px) 100vw, 800px\" \/>\t\t\t\t\t\t\t\t\t\t\t\t\t\t\t<\/div>\n\t\t\t\t<\/div>\n\t\t\t\t<\/div>\n\t\t<div class=\"elementor-element elementor-element-1507125 e-con-full e-flex e-con e-child\" data-id=\"1507125\" data-element_type=\"container\" data-e-type=\"container\">\n\t\t\t\t<div class=\"elementor-element elementor-element-1423f98 elementor-widget elementor-widget-heading\" data-id=\"1423f98\" data-element_type=\"widget\" data-e-type=\"widget\" data-widget_type=\"heading.default\">\n\t\t\t\t<div class=\"elementor-widget-container\">\n\t\t\t\t\t<h2 class=\"elementor-heading-title elementor-size-default\">Projekt Waldviertel K\u00f6ln \u2013 Natursteinarbeiten f\u00fcr modernes Stadtquartier<\/h2>\t\t\t\t<\/div>\n\t\t\t\t<\/div>\n\t\t\t\t<div class=\"elementor-element elementor-element-475c548 elementor-widget elementor-widget-text-editor\" data-id=\"475c548\" data-element_type=\"widget\" data-e-type=\"widget\" data-widget_type=\"text-editor.default\">\n\t\t\t\t<div class=\"elementor-widget-container\">\n\t\t\t\t\t\t\t\t\t<p>Im Rahmen des Projekts Waldviertel in K\u00f6ln, betreut durch die Bauwens Unternehmensgruppe, \u00fcbernahm ANPADO die vollst\u00e4ndige Gestaltung der Boden- und Treppenbereiche mit Naturstein. Dabei wurden ca. 2.000 m\u00b2 Bodenbelag sowie rund 2.000 Natursteinstufen gefertigt und verbaut.<br data-start=\"4732\" data-end=\"4735\" \/>Mit einem Projektvolumen von 600.000\u202f\u20ac wurde eine hochwertige, langlebige und optisch anspruchsvolle L\u00f6sung f\u00fcr ein komplexes Bauvorhaben geschaffen. Die besondere Herausforderung lag in der exakten Verarbeitung der gro\u00dfformatigen Natursteinplatten und der Herstellung gleichm\u00e4\u00dfiger \u00dcberg\u00e4nge in stark frequentierten Bereichen.<br data-start=\"5066\" data-end=\"5069\" \/>Dank unserer technischen Erfahrung, hochqualitativen Materialien und einem eingespielten Montageteam konnte das Projekt effizient realisiert werden. Die gestalterische Integration des Natursteins verleiht dem Geb\u00e4ude eine zeitlose Eleganz und sorgt f\u00fcr eine hohe Aufenthaltsqualit\u00e4t.<br data-start=\"5352\" data-end=\"5355\" \/>Das Projekt verdeutlicht einmal mehr: ANPADO steht f\u00fcr Verl\u00e4sslichkeit, Qualit\u00e4t und ma\u00dfgeschneiderte L\u00f6sungen im anspruchsvollen Innen- und Au\u00dfenbau.<\/p>\t\t\t\t\t\t\t\t<\/div>\n\t\t\t\t<\/div>\n\t\t\t\t<\/div>\n\t\t\t\t<\/div>\n\t\t\t\t\t<\/div>\n\t\t\t\t<\/div>\n\t\t\t\t<\/div>\n\t\t","protected":false},"excerpt":{"rendered":"<p>Referenzen: Hochwertige Naturstein- &amp; Betonwerkstein-Projekte von ANPADO Unsere Referenzprojekte im Bereich Naturstein- und Betonwerksteinbau im \u00dcberblick Als erfahrener Partner f\u00fcr Bauunternehmen und Bautr\u00e4ger realisiert ANPADO deutschlandweit hochwertige Projekte mit Naturstein und Betonwerkstein. Unsere Referenzen zeigen die Vielfalt unserer Leistungen \u2013 von gro\u00dffl\u00e4chigen Bodenbel\u00e4gen bis hin zu pr\u00e4zise gefertigten Treppenanlagen. Jedes Projekt steht f\u00fcr Qualit\u00e4t, Termintreue [&hellip;]<\/p>\n","protected":false},"author":1,"featured_media":0,"parent":0,"menu_order":0,"comment_status":"closed","ping_status":"closed","template":"elementor_header_footer","meta":{"inline_featured_image":false,"footnotes":""},"class_list":["post-1806","page","type-page","status-publish","hentry"],"_links":{"self":[{"href":"https:\/\/anpado.com\/de\/wp-json\/wp\/v2\/pages\/1806","targetHints":{"allow":["GET"]}}],"collection":[{"href":"https:\/\/anpado.com\/de\/wp-json\/wp\/v2\/pages"}],"about":[{"href":"https:\/\/anpado.com\/de\/wp-json\/wp\/v2\/types\/page"}],"author":[{"embeddable":true,"href":"https:\/\/anpado.com\/de\/wp-json\/wp\/v2\/users\/1"}],"replies":[{"embeddable":true,"href":"https:\/\/anpado.com\/de\/wp-json\/wp\/v2\/comments?post=1806"}],"version-history":[{"count":28,"href":"https:\/\/anpado.com\/de\/wp-json\/wp\/v2\/pages\/1806\/revisions"}],"predecessor-version":[{"id":2351,"href":"https:\/\/anpado.com\/de\/wp-json\/wp\/v2\/pages\/1806\/revisions\/2351"}],"wp:attachment":[{"href":"https:\/\/anpado.com\/de\/wp-json\/wp\/v2\/media?parent=1806"}],"curies":[{"name":"wp","href":"https:\/\/api.w.org\/{rel}","templated":true}]}}