{"id":1753,"date":"2025-04-16T07:58:15","date_gmt":"2025-04-16T07:58:15","guid":{"rendered":"https:\/\/anpado.com\/?page_id=1753"},"modified":"2025-07-09T15:35:12","modified_gmt":"2025-07-09T15:35:12","slug":"bachelor-of-arts-immobilienwirtschaft","status":"publish","type":"page","link":"https:\/\/anpado.com\/de\/jobs\/bachelor-of-arts-immobilienwirtschaft\/","title":{"rendered":"Bachelor of Arts &#8211; Immobilienwirtschaft"},"content":{"rendered":"\t\t<div data-elementor-type=\"wp-page\" data-elementor-id=\"1753\" class=\"elementor elementor-1753\" data-elementor-post-type=\"page\">\n\t\t\t\t<div class=\"elementor-element elementor-element-e0d6cf0 e-flex e-con-boxed e-con e-parent\" data-id=\"e0d6cf0\" data-element_type=\"container\" data-e-type=\"container\" data-settings=\"{&quot;background_background&quot;:&quot;classic&quot;}\">\n\t\t\t\t\t<div class=\"e-con-inner\">\n\t\t<div class=\"elementor-element elementor-element-a11eb61 e-con-full e-flex e-con e-child\" data-id=\"a11eb61\" data-element_type=\"container\" data-e-type=\"container\">\n\t\t<div class=\"elementor-element elementor-element-44581e0 e-con-full e-flex e-con e-child\" data-id=\"44581e0\" data-element_type=\"container\" data-e-type=\"container\">\n\t\t\t\t<div class=\"elementor-element elementor-element-ac77e29 elementor-invisible elementor-widget elementor-widget-heading\" data-id=\"ac77e29\" data-element_type=\"widget\" data-e-type=\"widget\" data-settings=\"{&quot;_animation&quot;:&quot;fadeInLeft&quot;}\" data-widget_type=\"heading.default\">\n\t\t\t\t<div class=\"elementor-widget-container\">\n\t\t\t\t\t<h1 class=\"elementor-heading-title elementor-size-default\">Bachelor of Arts - Immobilienwirtschaft - Duale\/r Student\/in der Immobilienwirtschaft (M\/W\/D)<\/h1>\t\t\t\t<\/div>\n\t\t\t\t<\/div>\n\t\t\t\t<div class=\"elementor-element elementor-element-d057227 elementor-invisible elementor-widget elementor-widget-heading\" data-id=\"d057227\" data-element_type=\"widget\" data-e-type=\"widget\" data-settings=\"{&quot;_animation&quot;:&quot;fadeInLeft&quot;,&quot;_animation_delay&quot;:200}\" data-widget_type=\"heading.default\">\n\t\t\t\t<div class=\"elementor-widget-container\">\n\t\t\t\t\t<h2 class=\"elementor-heading-title elementor-size-default\">Duales Studium Immobilienwirtschaft bei ANPADO \u2013 Zukunft gestalten im starken Team<\/h2>\t\t\t\t<\/div>\n\t\t\t\t<\/div>\n\t\t\t\t<div class=\"elementor-element elementor-element-91b0f9d elementor-invisible elementor-widget elementor-widget-text-editor\" data-id=\"91b0f9d\" data-element_type=\"widget\" data-e-type=\"widget\" data-settings=\"{&quot;_animation&quot;:&quot;fadeInLeft&quot;,&quot;_animation_delay&quot;:400}\" data-widget_type=\"text-editor.default\">\n\t\t\t\t<div class=\"elementor-widget-container\">\n\t\t\t\t\t\t\t\t\t<p class=\"\" data-start=\"88\" data-end=\"484\">Die ANPADO Bauen und Wohnen GmbH bietet engagierten Nachwuchskr\u00e4ften die M\u00f6glichkeit, im Rahmen eines <strong>dualen Studiums in der Immobilienwirtschaft<\/strong> theoretisches Wissen mit praxisnaher Erfahrung zu verbinden. In einem dynamischen, jungen Team \u00fcbernehmen Sie vielf\u00e4ltige Aufgaben wie die Akquisition und Vermarktung von Immobilien, Marktanalysen, Expos\u00e9-Erstellung sowie die Pflege von Kundendaten.<\/p><p class=\"\" data-start=\"486\" data-end=\"781\">Gesucht werden motivierte Pers\u00f6nlichkeiten mit mindestens einem Realschulabschluss, die \u00fcber ein sicheres Auftreten, Teamgeist, Eigenverantwortung und eine hohe Lernbereitschaft verf\u00fcgen. Sehr gute Deutsch- und Englischkenntnisse sowie ein routinierter Umgang mit MS Office werden vorausgesetzt.<\/p><p class=\"\" data-start=\"783\" data-end=\"1036\">ANPADO bietet Ihnen ein abwechslungsreiches Arbeitsumfeld mit strukturiertem Onboarding, attraktiver Verg\u00fctung und langfristigen Entwicklungsperspektiven \u2013 inklusive echter Teamkultur, spannender Events und kostenfreier Getr\u00e4nke sowie Parkm\u00f6glichkeiten.<\/p>\t\t\t\t\t\t\t\t<\/div>\n\t\t\t\t<\/div>\n\t\t\t\t<\/div>\n\t\t\t\t<\/div>\n\t\t<div class=\"elementor-element elementor-element-0e37169 e-con-full elementor-hidden-tablet_extra elementor-hidden-tablet elementor-hidden-mobile_extra elementor-hidden-mobile e-flex e-con e-child\" data-id=\"0e37169\" data-element_type=\"container\" data-e-type=\"container\">\n\t\t\t\t<\/div>\n\t\t\t\t\t<\/div>\n\t\t\t\t<\/div>\n\t\t<div class=\"elementor-element elementor-element-0cbfb18 e-flex e-con-boxed e-con e-parent\" data-id=\"0cbfb18\" data-element_type=\"container\" data-e-type=\"container\">\n\t\t\t\t\t<div class=\"e-con-inner\">\n\t\t<div class=\"elementor-element elementor-element-75e038e e-con-full e-flex e-con e-child\" data-id=\"75e038e\" data-element_type=\"container\" data-e-type=\"container\">\n\t\t\t\t<div class=\"elementor-element elementor-element-e1f0413 elementor-widget elementor-widget-heading\" data-id=\"e1f0413\" data-element_type=\"widget\" data-e-type=\"widget\" data-widget_type=\"heading.default\">\n\t\t\t\t<div class=\"elementor-widget-container\">\n\t\t\t\t\t<h2 class=\"elementor-heading-title elementor-size-default\">Duale\/r Student\/in der Immobilienwirtschaft (M\/W\/D)<\/h2>\t\t\t\t<\/div>\n\t\t\t\t<\/div>\n\t\t\t\t<\/div>\n\t\t<div class=\"elementor-element elementor-element-f4c9d2c e-con-full e-flex e-con e-child\" data-id=\"f4c9d2c\" data-element_type=\"container\" data-e-type=\"container\">\n\t\t\t\t<div class=\"elementor-element elementor-element-52c1228 elementor-widget elementor-widget-text-editor\" data-id=\"52c1228\" data-element_type=\"widget\" data-e-type=\"widget\" data-widget_type=\"text-editor.default\">\n\t\t\t\t<div class=\"elementor-widget-container\">\n\t\t\t\t\t\t\t\t\t<p>Du m\u00f6chtest Theorie und Praxis optimal verbinden und die spannende Welt der Immobilienwirtschaft hautnah erleben? Dann starte deine berufliche Zukunft mit einem dualen Studium bei <strong data-start=\"324\" data-end=\"356\">ANPADO Bauen und Wohnen GmbH<\/strong>. In einem dynamischen und kollegialen Umfeld erh\u00e4ltst du die M\u00f6glichkeit, aktiv an spannenden Projekten mitzuwirken, Verantwortung zu \u00fcbernehmen und dich fachlich wie pers\u00f6nlich weiterzuentwickeln. Werde Teil eines Teams, das Zusammenhalt lebt und Erfolge gemeinsam feiert!<\/p><p><strong>Aufgaben:<\/strong><\/p><ul><li>Unterst\u00fctzung des Teams bei der Akquisition, Aufbereitung und Vermarktung von Immobilien<\/li><li>Expos\u00e9-Erstellung, Bearbeitung von Fotos, Organisation usw.<\/li><li>Analyse des Marktes und Bewertung von Immobilien<\/li><li>Pflege und Verwaltung des Kundenstamms<\/li><li>Allgemeine B\u00fcrot\u00e4tigkeiten<\/li><\/ul><p>\u00a0<br \/><strong>Dein Profil:<\/strong><\/p><ul><li>Abitur, Fachabitur oder Realschulabschluss<\/li><li>Positives und verbindliches Auftreten<\/li><li>Einsatz- und Lernbereitschaft<\/li><li>Mathematisches Verst\u00e4ndnis<\/li><li>Sehr gute Deutsch- und Englischkenntnisse<\/li><li>Sehr gute Kenntnisse im Umgang mit MS-Office<\/li><li>Du bist teamf\u00e4hig, kommunikationsstark und arbeitest selbst\u00e4ndig, verantwortungsvoll sowie zuverl\u00e4ssig<\/li><li>Freude am Umgang mit Menschen<\/li><\/ul><p>\u00a0<br \/><strong>Wir bieten dir:<\/strong><\/p><ul><li>Ein abwechslungsreiches Arbeitsumfeld mit Gestaltungsspielraum in einem jungen motiviertes Team<\/li><li>Strukturierte und umfangreiche Einarbeitung mit festen Ansprechpartnern<\/li><li>Eine attraktive Ausbildungsverg\u00fctung<\/li><li>Zusammenhalt in einem Team, welches Erfolge feiert und bei gemeinsamen Aktionen und Abenteuer zusammenw\u00e4chst<\/li><li>Top Perspektiven und Entwicklungsm\u00f6glichkeiten<\/li><li>Eine abwechslungsreiche, verantwortungsvolle und interessante T\u00e4tigkeit in einem Unternehmen, in dem Du verschiedenste Bereiche kennenlernen wirst<\/li><li>Kostenlose Getr\u00e4nke und Parkm\u00f6glichkeiten<\/li><\/ul>\t\t\t\t\t\t\t\t<\/div>\n\t\t\t\t<\/div>\n\t\t\t\t<\/div>\n\t\t\t\t\t<\/div>\n\t\t\t\t<\/div>\n\t\t\t\t<\/div>\n\t\t","protected":false},"excerpt":{"rendered":"<p>Bachelor of Arts &#8211; Immobilienwirtschaft &#8211; Duale\/r Student\/in der Immobilienwirtschaft (M\/W\/D) Duales Studium Immobilienwirtschaft bei ANPADO \u2013 Zukunft gestalten im starken Team Die ANPADO Bauen und Wohnen GmbH bietet engagierten Nachwuchskr\u00e4ften die M\u00f6glichkeit, im Rahmen eines dualen Studiums in der Immobilienwirtschaft theoretisches Wissen mit praxisnaher Erfahrung zu verbinden. In einem dynamischen, jungen Team \u00fcbernehmen Sie [&hellip;]<\/p>\n","protected":false},"author":1,"featured_media":0,"parent":49,"menu_order":0,"comment_status":"closed","ping_status":"closed","template":"elementor_header_footer","meta":{"inline_featured_image":false,"footnotes":""},"class_list":["post-1753","page","type-page","status-publish","hentry"],"_links":{"self":[{"href":"https:\/\/anpado.com\/de\/wp-json\/wp\/v2\/pages\/1753","targetHints":{"allow":["GET"]}}],"collection":[{"href":"https:\/\/anpado.com\/de\/wp-json\/wp\/v2\/pages"}],"about":[{"href":"https:\/\/anpado.com\/de\/wp-json\/wp\/v2\/types\/page"}],"author":[{"embeddable":true,"href":"https:\/\/anpado.com\/de\/wp-json\/wp\/v2\/users\/1"}],"replies":[{"embeddable":true,"href":"https:\/\/anpado.com\/de\/wp-json\/wp\/v2\/comments?post=1753"}],"version-history":[{"count":14,"href":"https:\/\/anpado.com\/de\/wp-json\/wp\/v2\/pages\/1753\/revisions"}],"predecessor-version":[{"id":2006,"href":"https:\/\/anpado.com\/de\/wp-json\/wp\/v2\/pages\/1753\/revisions\/2006"}],"up":[{"embeddable":true,"href":"https:\/\/anpado.com\/de\/wp-json\/wp\/v2\/pages\/49"}],"wp:attachment":[{"href":"https:\/\/anpado.com\/de\/wp-json\/wp\/v2\/media?parent=1753"}],"curies":[{"name":"wp","href":"https:\/\/api.w.org\/{rel}","templated":true}]}}