{"id":1719,"date":"2025-04-16T07:32:43","date_gmt":"2025-04-16T07:32:43","guid":{"rendered":"https:\/\/anpado.com\/?page_id=1719"},"modified":"2025-07-09T15:33:07","modified_gmt":"2025-07-09T15:33:07","slug":"ausbildung-zum-immobilienkaufmann","status":"publish","type":"page","link":"https:\/\/anpado.com\/de\/jobs\/ausbildung-zum-immobilienkaufmann\/","title":{"rendered":"Ausbildung zum Immobilienkaufmann\/-frau (M\/W\/D) 2025"},"content":{"rendered":"\t\t<div data-elementor-type=\"wp-page\" data-elementor-id=\"1719\" class=\"elementor elementor-1719\" data-elementor-post-type=\"page\">\n\t\t\t\t<div class=\"elementor-element elementor-element-7d23843 e-flex e-con-boxed e-con e-parent\" data-id=\"7d23843\" data-element_type=\"container\" data-e-type=\"container\" data-settings=\"{&quot;background_background&quot;:&quot;classic&quot;}\">\n\t\t\t\t\t<div class=\"e-con-inner\">\n\t\t<div class=\"elementor-element elementor-element-df6d3de e-con-full e-flex e-con e-child\" data-id=\"df6d3de\" data-element_type=\"container\" data-e-type=\"container\">\n\t\t<div class=\"elementor-element elementor-element-ba6f0e3 e-con-full e-flex e-con e-child\" data-id=\"ba6f0e3\" data-element_type=\"container\" data-e-type=\"container\">\n\t\t\t\t<div class=\"elementor-element elementor-element-e8b28b1 elementor-invisible elementor-widget elementor-widget-heading\" data-id=\"e8b28b1\" data-element_type=\"widget\" data-e-type=\"widget\" data-settings=\"{&quot;_animation&quot;:&quot;fadeInLeft&quot;}\" data-widget_type=\"heading.default\">\n\t\t\t\t<div class=\"elementor-widget-container\">\n\t\t\t\t\t<h1 class=\"elementor-heading-title elementor-size-default\">Ausbildung zum Immobilienkaufmann\/-frau (M\/W\/D) 2025<\/h1>\t\t\t\t<\/div>\n\t\t\t\t<\/div>\n\t\t\t\t<div class=\"elementor-element elementor-element-6e2b0e7 elementor-invisible elementor-widget elementor-widget-heading\" data-id=\"6e2b0e7\" data-element_type=\"widget\" data-e-type=\"widget\" data-settings=\"{&quot;_animation&quot;:&quot;fadeInLeft&quot;,&quot;_animation_delay&quot;:200}\" data-widget_type=\"heading.default\">\n\t\t\t\t<div class=\"elementor-widget-container\">\n\t\t\t\t\t<h2 class=\"elementor-heading-title elementor-size-default\">Berufseinstieg mit Perspektive: Ausbildung zum\/zur Immobilienkaufmann\/-frau (m\/w\/d) 2025 bei ANPADO BAUEN UND WOHNEN GmbH<\/h2>\t\t\t\t<\/div>\n\t\t\t\t<\/div>\n\t\t\t\t<div class=\"elementor-element elementor-element-f3b8c2e elementor-invisible elementor-widget elementor-widget-text-editor\" data-id=\"f3b8c2e\" data-element_type=\"widget\" data-e-type=\"widget\" data-settings=\"{&quot;_animation&quot;:&quot;fadeInLeft&quot;,&quot;_animation_delay&quot;:400}\" data-widget_type=\"text-editor.default\">\n\t\t\t\t<div class=\"elementor-widget-container\">\n\t\t\t\t\t\t\t\t\t<p class=\"\" data-start=\"127\" data-end=\"635\">Die ANPADO BAUEN UND WOHNEN GmbH bietet engagierten Nachwuchstalenten ab 2025 eine fundierte Ausbildung zum\/zur <strong>Immobilienkaufmann\/-frau<\/strong> (m\/w\/d) in einem dynamischen, wachstumsorientierten Unternehmen. In einem jungen, motivierten Team lernen Auszubildende alle wesentlichen Aspekte der Immobilienwirtschaft kennen \u2013 von der allgemeinen Verwaltung und dem Rechnungswesen \u00fcber Grundst\u00fccks- und Vertragswesen bis hin zur Mitwirkung an Neubauprojekten inklusive Planung, Ausschreibung, Durchf\u00fchrung und Verkauf.<\/p><p class=\"\" data-start=\"637\" data-end=\"906\">Gesucht werden Pers\u00f6nlichkeiten mit Schulabschluss (mind. mittlere Reife), Interesse an wirtschaftlichen Zusammenh\u00e4ngen sowie einem ausgepr\u00e4gten Kommunikationsverm\u00f6gen. Selbstst\u00e4ndigkeit, Verantwortungsbewusstsein und ein F\u00fchrerschein der Klasse B runden das Profil ab.<\/p><p class=\"\" data-start=\"908\" data-end=\"1142\">ANPADO bietet neben einer sicheren und praxisnahen Ausbildung flexible Arbeitszeiten, Entwicklungsperspektiven, eine strukturierte Einarbeitung sowie ein inspirierendes Arbeitsumfeld mit Teamgeist und Raum f\u00fcr individuelle Entfaltung.<\/p>\t\t\t\t\t\t\t\t<\/div>\n\t\t\t\t<\/div>\n\t\t\t\t<\/div>\n\t\t\t\t<\/div>\n\t\t<div class=\"elementor-element elementor-element-3cb7254 e-con-full elementor-hidden-tablet_extra elementor-hidden-tablet elementor-hidden-mobile_extra elementor-hidden-mobile e-flex e-con e-child\" data-id=\"3cb7254\" data-element_type=\"container\" data-e-type=\"container\">\n\t\t\t\t<\/div>\n\t\t\t\t\t<\/div>\n\t\t\t\t<\/div>\n\t\t<div class=\"elementor-element elementor-element-8f3971c e-flex e-con-boxed e-con e-parent\" data-id=\"8f3971c\" data-element_type=\"container\" data-e-type=\"container\">\n\t\t\t\t\t<div class=\"e-con-inner\">\n\t\t<div class=\"elementor-element elementor-element-72c2053 e-con-full e-flex e-con e-child\" data-id=\"72c2053\" data-element_type=\"container\" data-e-type=\"container\">\n\t\t\t\t<div class=\"elementor-element elementor-element-8d63313 elementor-widget elementor-widget-heading\" data-id=\"8d63313\" data-element_type=\"widget\" data-e-type=\"widget\" data-widget_type=\"heading.default\">\n\t\t\t\t<div class=\"elementor-widget-container\">\n\t\t\t\t\t<h2 class=\"elementor-heading-title elementor-size-default\">Ausbildung zum Immobilienkaufmann\/-frau (M\/W\/D) 2025<\/h2>\t\t\t\t<\/div>\n\t\t\t\t<\/div>\n\t\t\t\t<\/div>\n\t\t<div class=\"elementor-element elementor-element-9e6d392 e-con-full e-flex e-con e-child\" data-id=\"9e6d392\" data-element_type=\"container\" data-e-type=\"container\">\n\t\t\t\t<div class=\"elementor-element elementor-element-fee00ad elementor-widget elementor-widget-text-editor\" data-id=\"fee00ad\" data-element_type=\"widget\" data-e-type=\"widget\" data-widget_type=\"text-editor.default\">\n\t\t\t\t<div class=\"elementor-widget-container\">\n\t\t\t\t\t\t\t\t\t<p class=\"\" data-start=\"210\" data-end=\"708\">Du m\u00f6chtest deine berufliche Zukunft in der Immobilienbranche starten und suchst nach einer Ausbildung mit Perspektive in einem modernen, teamorientierten Umfeld? Dann bist du bei ANPADO BAUEN UND WOHNEN GmbH genau richtig! Ab 2025 bieten wir dir die M\u00f6glichkeit, Teil eines ambitionierten Unternehmens zu werden, in dem deine Ideen z\u00e4hlen und du von Anfang an Verantwortung \u00fcbernehmen kannst. Starte mit uns in eine spannende und praxisnahe Ausbildung zum\/zur <strong data-start=\"671\" data-end=\"707\">Immobilienkaufmann\/-frau (M\/W\/D)<\/strong>.<\/p><p><strong>Ausbildungsinhalt:<\/strong><\/p><ul><li>Allgemeine Verwaltung<\/li><li>Rechnungswesen<\/li><li>Grundst\u00fcckswesen einschlie\u00dflich Grundbuch<\/li><li>Vertragsgestaltung<\/li><li>Neubaut\u00e4tigkeit mit der Planung von Bauvorhaben, der Ausschreibung, der Baudurchf\u00fchrung und der Verkauf von Familienheimen und Eigentumswohnungen<\/li><\/ul><p><strong>Dein Profil:<\/strong><\/p><ul><li>Du hast die Schule (mittlere Reife, Fachhochschulreife oder Abitur) erfolgreich abgeschlossen oder wirst dies bis zum Ausbildungsbeginn tun<\/li><li>Du hast Interesse an wirtschaftlichen Zusammenh\u00e4ngen und der Immobilienbranche<\/li><li>Du hast ein gutes Gesp\u00fcr f\u00fcr Kommunikation und kannst dich gut ausdr\u00fccken \u2013 sowohl am Telefon als auch per E-Mail<\/li><li>Du arbeitest selbstst\u00e4ndig, bist engagiert und \u00fcbernimmst gerne Verantwortung, auch wenn es mal knifflig wird<\/li><li>F\u00fchrerschein Klasse B<\/li><\/ul><p><strong>Wir bieten Dir:<\/strong><\/p><ul><li>Krisensichere Besch\u00e4ftigung, in einem weit t\u00e4tigen Unternehmen<\/li><li>Arbeitszeiten, die zu deiner Work-Life-Balance passen (Mo.-Fr.)<\/li><li>Weiterentwicklungsm\u00f6glichkeiten sowie ein sicherer Arbeitsplatz<\/li><li>Eine umfassende Einarbeitung<\/li><li>Kostenlose Getr\u00e4nke<\/li><li>Firmenevents<\/li><li>Ein abwechslungsreiches Arbeitsumfeld mit Gestaltungsspielraum in einem jungen motivierten Team<\/li><\/ul>\t\t\t\t\t\t\t\t<\/div>\n\t\t\t\t<\/div>\n\t\t\t\t<\/div>\n\t\t\t\t\t<\/div>\n\t\t\t\t<\/div>\n\t\t\t\t<\/div>\n\t\t","protected":false},"excerpt":{"rendered":"<p>Ausbildung zum Immobilienkaufmann\/-frau (M\/W\/D) 2025 Berufseinstieg mit Perspektive: Ausbildung zum\/zur Immobilienkaufmann\/-frau (m\/w\/d) 2025 bei ANPADO BAUEN UND WOHNEN GmbH Die ANPADO BAUEN UND WOHNEN GmbH bietet engagierten Nachwuchstalenten ab 2025 eine fundierte Ausbildung zum\/zur Immobilienkaufmann\/-frau (m\/w\/d) in einem dynamischen, wachstumsorientierten Unternehmen. In einem jungen, motivierten Team lernen Auszubildende alle wesentlichen Aspekte der Immobilienwirtschaft kennen \u2013 [&hellip;]<\/p>\n","protected":false},"author":1,"featured_media":0,"parent":49,"menu_order":0,"comment_status":"closed","ping_status":"closed","template":"elementor_header_footer","meta":{"inline_featured_image":false,"footnotes":""},"class_list":["post-1719","page","type-page","status-publish","hentry"],"_links":{"self":[{"href":"https:\/\/anpado.com\/de\/wp-json\/wp\/v2\/pages\/1719","targetHints":{"allow":["GET"]}}],"collection":[{"href":"https:\/\/anpado.com\/de\/wp-json\/wp\/v2\/pages"}],"about":[{"href":"https:\/\/anpado.com\/de\/wp-json\/wp\/v2\/types\/page"}],"author":[{"embeddable":true,"href":"https:\/\/anpado.com\/de\/wp-json\/wp\/v2\/users\/1"}],"replies":[{"embeddable":true,"href":"https:\/\/anpado.com\/de\/wp-json\/wp\/v2\/comments?post=1719"}],"version-history":[{"count":14,"href":"https:\/\/anpado.com\/de\/wp-json\/wp\/v2\/pages\/1719\/revisions"}],"predecessor-version":[{"id":2003,"href":"https:\/\/anpado.com\/de\/wp-json\/wp\/v2\/pages\/1719\/revisions\/2003"}],"up":[{"embeddable":true,"href":"https:\/\/anpado.com\/de\/wp-json\/wp\/v2\/pages\/49"}],"wp:attachment":[{"href":"https:\/\/anpado.com\/de\/wp-json\/wp\/v2\/media?parent=1719"}],"curies":[{"name":"wp","href":"https:\/\/api.w.org\/{rel}","templated":true}]}}