{"id":1702,"date":"2025-04-16T07:17:20","date_gmt":"2025-04-16T07:17:20","guid":{"rendered":"https:\/\/anpado.com\/?page_id=1702"},"modified":"2025-07-09T15:32:13","modified_gmt":"2025-07-09T15:32:13","slug":"ausbildung-zum-industriekaufmann-2","status":"publish","type":"page","link":"https:\/\/anpado.com\/de\/jobs\/ausbildung-zum-industriekaufmann-2\/","title":{"rendered":"Ausbildung zum Industriekaufmann\/-frau 2025 &#8211; Praktikum m\u00f6glich"},"content":{"rendered":"\t\t<div data-elementor-type=\"wp-page\" data-elementor-id=\"1702\" class=\"elementor elementor-1702\" data-elementor-post-type=\"page\">\n\t\t\t\t<div class=\"elementor-element elementor-element-7d23843 e-flex e-con-boxed e-con e-parent\" data-id=\"7d23843\" data-element_type=\"container\" data-e-type=\"container\" data-settings=\"{&quot;background_background&quot;:&quot;classic&quot;}\">\n\t\t\t\t\t<div class=\"e-con-inner\">\n\t\t<div class=\"elementor-element elementor-element-df6d3de e-con-full e-flex e-con e-child\" data-id=\"df6d3de\" data-element_type=\"container\" data-e-type=\"container\">\n\t\t<div class=\"elementor-element elementor-element-ba6f0e3 e-con-full e-flex e-con e-child\" data-id=\"ba6f0e3\" data-element_type=\"container\" data-e-type=\"container\">\n\t\t\t\t<div class=\"elementor-element elementor-element-e8b28b1 elementor-invisible elementor-widget elementor-widget-heading\" data-id=\"e8b28b1\" data-element_type=\"widget\" data-e-type=\"widget\" data-settings=\"{&quot;_animation&quot;:&quot;fadeInLeft&quot;}\" data-widget_type=\"heading.default\">\n\t\t\t\t<div class=\"elementor-widget-container\">\n\t\t\t\t\t<h1 class=\"elementor-heading-title elementor-size-default\">Ausbildung zum Industriekaufmann\/-frau 2025 - Praktikum m\u00f6glich<\/h1>\t\t\t\t<\/div>\n\t\t\t\t<\/div>\n\t\t\t\t<div class=\"elementor-element elementor-element-6e2b0e7 elementor-invisible elementor-widget elementor-widget-heading\" data-id=\"6e2b0e7\" data-element_type=\"widget\" data-e-type=\"widget\" data-settings=\"{&quot;_animation&quot;:&quot;fadeInLeft&quot;,&quot;_animation_delay&quot;:200}\" data-widget_type=\"heading.default\">\n\t\t\t\t<div class=\"elementor-widget-container\">\n\t\t\t\t\t<h2 class=\"elementor-heading-title elementor-size-default\">Karrierestart mit Perspektive: Ausbildung zum\/zur Industriekaufmann\/-frau ab August 2025<\/h2>\t\t\t\t<\/div>\n\t\t\t\t<\/div>\n\t\t\t\t<div class=\"elementor-element elementor-element-f3b8c2e elementor-invisible elementor-widget elementor-widget-text-editor\" data-id=\"f3b8c2e\" data-element_type=\"widget\" data-e-type=\"widget\" data-settings=\"{&quot;_animation&quot;:&quot;fadeInLeft&quot;,&quot;_animation_delay&quot;:400}\" data-widget_type=\"text-editor.default\">\n\t\t\t\t<div class=\"elementor-widget-container\">\n\t\t\t\t\t\t\t\t\t<p class=\"\" data-start=\"94\" data-end=\"406\">Zum 01.08.2025 bietet unser Unternehmen einen Ausbildungsplatz zum\/zur <strong>Industriekaufmann\/-frau<\/strong> (M\/W\/D) an. Die Ausbildung vermittelt umfassende Kenntnisse in zentralen kaufm\u00e4nnisch-betriebswirtschaftlichen Bereichen wie Materialwirtschaft, Vertrieb und Marketing, Personalwesen sowie Finanz- und Rechnungswesen.<\/p><p class=\"\" data-start=\"408\" data-end=\"635\">Vorausgesetzt wird mindestens die Fachoberschulreife mit einem Notendurchschnitt von 3,0 oder besser sowie grundlegende PC-Kenntnisse. Aufgrund eingeschr\u00e4nkter Anbindung an den \u00f6ffentlichen Nahverkehr ist Mobilit\u00e4t von Vorteil.<\/p><p class=\"\" data-start=\"637\" data-end=\"745\">Wir freuen uns auf engagierte Bewerberinnen und Bewerber mit Interesse an einem vielseitigen Berufseinstieg.<\/p>\t\t\t\t\t\t\t\t<\/div>\n\t\t\t\t<\/div>\n\t\t\t\t<\/div>\n\t\t\t\t<\/div>\n\t\t<div class=\"elementor-element elementor-element-3cb7254 e-con-full elementor-hidden-tablet_extra elementor-hidden-tablet elementor-hidden-mobile_extra elementor-hidden-mobile e-flex e-con e-child\" data-id=\"3cb7254\" data-element_type=\"container\" data-e-type=\"container\">\n\t\t\t\t<\/div>\n\t\t\t\t\t<\/div>\n\t\t\t\t<\/div>\n\t\t<div class=\"elementor-element elementor-element-8f3971c e-flex e-con-boxed e-con e-parent\" data-id=\"8f3971c\" data-element_type=\"container\" data-e-type=\"container\">\n\t\t\t\t\t<div class=\"e-con-inner\">\n\t\t<div class=\"elementor-element elementor-element-72c2053 e-con-full e-flex e-con e-child\" data-id=\"72c2053\" data-element_type=\"container\" data-e-type=\"container\">\n\t\t\t\t<div class=\"elementor-element elementor-element-8d63313 elementor-widget elementor-widget-heading\" data-id=\"8d63313\" data-element_type=\"widget\" data-e-type=\"widget\" data-widget_type=\"heading.default\">\n\t\t\t\t<div class=\"elementor-widget-container\">\n\t\t\t\t\t<h2 class=\"elementor-heading-title elementor-size-default\">Ausbildung zum Industriekaufmann\/-frau 2025 - Praktikum m\u00f6glich<\/h2>\t\t\t\t<\/div>\n\t\t\t\t<\/div>\n\t\t\t\t<\/div>\n\t\t<div class=\"elementor-element elementor-element-9e6d392 e-con-full e-flex e-con e-child\" data-id=\"9e6d392\" data-element_type=\"container\" data-e-type=\"container\">\n\t\t\t\t<div class=\"elementor-element elementor-element-fee00ad elementor-widget elementor-widget-text-editor\" data-id=\"fee00ad\" data-element_type=\"widget\" data-e-type=\"widget\" data-widget_type=\"text-editor.default\">\n\t\t\t\t<div class=\"elementor-widget-container\">\n\t\t\t\t\t\t\t\t\t<p>Wir bieten Ihnen zum 01.08.2025 einen Ausbildungsplatz zum Industriekaufmann (m\/w\/d).<\/p><p>Industriekaufleute befassen sich in Unternehmen aller Branchen mit kaufm\u00e4nnisch-betriebswirtschaftlichen Aufgabenbereichen wie Materialwirtschaft, Vertrieb und Marketing, Personal- sowie Finanz- und Rechnungswesen.<\/p><p>Voraussetzung ist mindestens die Fachoberschulreife mit einem Notendurchschnitt von mindestens 3.<\/p><p>Wir setzen PC Kenntnisse voraus.<\/p><p>Aufgrund der schlechten Erreichbarkeit mit dem \u00f6ffentlichen Personennahverkehr sollten Sie mobil sein.<\/p><p>Bei Interesse freuen wir uns auf Ihre Bewerbung!<\/p>\t\t\t\t\t\t\t\t<\/div>\n\t\t\t\t<\/div>\n\t\t\t\t<\/div>\n\t\t\t\t\t<\/div>\n\t\t\t\t<\/div>\n\t\t\t\t<\/div>\n\t\t","protected":false},"excerpt":{"rendered":"<p>Ausbildung zum Industriekaufmann\/-frau 2025 &#8211; Praktikum m\u00f6glich Karrierestart mit Perspektive: Ausbildung zum\/zur Industriekaufmann\/-frau ab August 2025 Zum 01.08.2025 bietet unser Unternehmen einen Ausbildungsplatz zum\/zur Industriekaufmann\/-frau (M\/W\/D) an. Die Ausbildung vermittelt umfassende Kenntnisse in zentralen kaufm\u00e4nnisch-betriebswirtschaftlichen Bereichen wie Materialwirtschaft, Vertrieb und Marketing, Personalwesen sowie Finanz- und Rechnungswesen. Vorausgesetzt wird mindestens die Fachoberschulreife mit einem Notendurchschnitt von [&hellip;]<\/p>\n","protected":false},"author":1,"featured_media":0,"parent":49,"menu_order":0,"comment_status":"closed","ping_status":"closed","template":"elementor_header_footer","meta":{"inline_featured_image":false,"footnotes":""},"class_list":["post-1702","page","type-page","status-publish","hentry"],"_links":{"self":[{"href":"https:\/\/anpado.com\/de\/wp-json\/wp\/v2\/pages\/1702","targetHints":{"allow":["GET"]}}],"collection":[{"href":"https:\/\/anpado.com\/de\/wp-json\/wp\/v2\/pages"}],"about":[{"href":"https:\/\/anpado.com\/de\/wp-json\/wp\/v2\/types\/page"}],"author":[{"embeddable":true,"href":"https:\/\/anpado.com\/de\/wp-json\/wp\/v2\/users\/1"}],"replies":[{"embeddable":true,"href":"https:\/\/anpado.com\/de\/wp-json\/wp\/v2\/comments?post=1702"}],"version-history":[{"count":14,"href":"https:\/\/anpado.com\/de\/wp-json\/wp\/v2\/pages\/1702\/revisions"}],"predecessor-version":[{"id":2000,"href":"https:\/\/anpado.com\/de\/wp-json\/wp\/v2\/pages\/1702\/revisions\/2000"}],"up":[{"embeddable":true,"href":"https:\/\/anpado.com\/de\/wp-json\/wp\/v2\/pages\/49"}],"wp:attachment":[{"href":"https:\/\/anpado.com\/de\/wp-json\/wp\/v2\/media?parent=1702"}],"curies":[{"name":"wp","href":"https:\/\/api.w.org\/{rel}","templated":true}]}}