{"id":1610,"date":"2025-04-09T08:18:44","date_gmt":"2025-04-09T08:18:44","guid":{"rendered":"https:\/\/anpado.com\/?page_id=1610"},"modified":"2025-07-16T14:25:10","modified_gmt":"2025-07-16T14:25:10","slug":"bauleiter-schlusselfertigbau","status":"publish","type":"page","link":"https:\/\/anpado.com\/de\/jobs\/bauleiter-schlusselfertigbau\/","title":{"rendered":"Bauleiter (M\/W\/D) Schl\u00fcsselfertigbau"},"content":{"rendered":"\t\t<div data-elementor-type=\"wp-page\" data-elementor-id=\"1610\" class=\"elementor elementor-1610\" data-elementor-post-type=\"page\">\n\t\t\t\t<div class=\"elementor-element elementor-element-e0d6cf0 e-flex e-con-boxed e-con e-parent\" data-id=\"e0d6cf0\" data-element_type=\"container\" data-e-type=\"container\" data-settings=\"{&quot;background_background&quot;:&quot;classic&quot;}\">\n\t\t\t\t\t<div class=\"e-con-inner\">\n\t\t<div class=\"elementor-element elementor-element-a11eb61 e-con-full e-flex e-con e-child\" data-id=\"a11eb61\" data-element_type=\"container\" data-e-type=\"container\">\n\t\t<div class=\"elementor-element elementor-element-44581e0 e-con-full e-flex e-con e-child\" data-id=\"44581e0\" data-element_type=\"container\" data-e-type=\"container\">\n\t\t\t\t<div class=\"elementor-element elementor-element-ac77e29 elementor-invisible elementor-widget elementor-widget-heading\" data-id=\"ac77e29\" data-element_type=\"widget\" data-e-type=\"widget\" data-settings=\"{&quot;_animation&quot;:&quot;fadeInLeft&quot;}\" data-widget_type=\"heading.default\">\n\t\t\t\t<div class=\"elementor-widget-container\">\n\t\t\t\t\t<h1 class=\"elementor-heading-title elementor-size-default\">Bauleitung (M\/W\/D) Schl\u00fcsselfertigbau<\/h1>\t\t\t\t<\/div>\n\t\t\t\t<\/div>\n\t\t\t\t<div class=\"elementor-element elementor-element-d057227 elementor-invisible elementor-widget elementor-widget-heading\" data-id=\"d057227\" data-element_type=\"widget\" data-e-type=\"widget\" data-settings=\"{&quot;_animation&quot;:&quot;fadeInLeft&quot;,&quot;_animation_delay&quot;:200}\" data-widget_type=\"heading.default\">\n\t\t\t\t<div class=\"elementor-widget-container\">\n\t\t\t\t\t<h2 class=\"elementor-heading-title elementor-size-default\">Professionelle Bauleitung mit Verantwortung im Schl\u00fcsselfertigbau<\/h2>\t\t\t\t<\/div>\n\t\t\t\t<\/div>\n\t\t\t\t<div class=\"elementor-element elementor-element-91b0f9d elementor-invisible elementor-widget elementor-widget-text-editor\" data-id=\"91b0f9d\" data-element_type=\"widget\" data-e-type=\"widget\" data-settings=\"{&quot;_animation&quot;:&quot;fadeInLeft&quot;,&quot;_animation_delay&quot;:400}\" data-widget_type=\"text-editor.default\">\n\t\t\t\t<div class=\"elementor-widget-container\">\n\t\t\t\t\t\t\t\t\t<p class=\"\" data-start=\"71\" data-end=\"526\">Die ANPADO BAUEN UND WOHNEN GmbH sucht eine engagierte Bauleitung (m\/w\/d) im Bereich Schl\u00fcsselfertigbau. In einem dynamischen, motivierten Team \u00fcbernehmen Sie die Planung, Koordination und Abrechnung anspruchsvoller Bauprojekte. Ihre Aufgaben umfassen unter anderem die Steuerung interner und externer Projektbeteiligter, die Sicherstellung der termin-, qualit\u00e4ts- und vertragsgerechten Bauausf\u00fchrung sowie die wirtschaftliche \u00dcberwachung des Bauablaufs.<\/p><p class=\"\" data-start=\"528\" data-end=\"760\">Sie verf\u00fcgen \u00fcber ein abgeschlossenes Studium im Bauingenieurwesen oder in der Architektur bzw. \u00fcber vergleichbare Berufserfahrung. Eine strukturierte, l\u00f6sungsorientierte Arbeitsweise sowie unternehmerisches Denken zeichnen Sie aus.<\/p><p class=\"\" data-start=\"762\" data-end=\"957\">ANPADO bietet Ihnen einen sicheren, unbefristeten Arbeitsplatz mit attraktiver Verg\u00fctung, flexiblen Arbeitszeiten und vielf\u00e4ltigen Entwicklungsm\u00f6glichkeiten in einem modernen, kollegialen Umfeld.<\/p>\t\t\t\t\t\t\t\t<\/div>\n\t\t\t\t<\/div>\n\t\t\t\t<\/div>\n\t\t\t\t<\/div>\n\t\t<div class=\"elementor-element elementor-element-0e37169 e-con-full e-flex e-con e-child\" data-id=\"0e37169\" data-element_type=\"container\" data-e-type=\"container\">\n\t\t\t\t<\/div>\n\t\t\t\t\t<\/div>\n\t\t\t\t<\/div>\n\t\t<div class=\"elementor-element elementor-element-0cbfb18 e-flex e-con-boxed e-con e-parent\" data-id=\"0cbfb18\" data-element_type=\"container\" data-e-type=\"container\">\n\t\t\t\t\t<div class=\"e-con-inner\">\n\t\t<div class=\"elementor-element elementor-element-75e038e e-con-full e-flex e-con e-child\" data-id=\"75e038e\" data-element_type=\"container\" data-e-type=\"container\">\n\t\t\t\t<div class=\"elementor-element elementor-element-e1f0413 elementor-widget elementor-widget-heading\" data-id=\"e1f0413\" data-element_type=\"widget\" data-e-type=\"widget\" data-widget_type=\"heading.default\">\n\t\t\t\t<div class=\"elementor-widget-container\">\n\t\t\t\t\t<h2 class=\"elementor-heading-title elementor-size-default\">Wir suchen ab sofort einen Bauleiter (M\/W\/D) Schl\u00fcsselfertigbau<\/h2>\t\t\t\t<\/div>\n\t\t\t\t<\/div>\n\t\t\t\t<\/div>\n\t\t<div class=\"elementor-element elementor-element-f4c9d2c e-con-full e-flex e-con e-child\" data-id=\"f4c9d2c\" data-element_type=\"container\" data-e-type=\"container\">\n\t\t\t\t<div class=\"elementor-element elementor-element-52c1228 elementor-widget elementor-widget-text-editor\" data-id=\"52c1228\" data-element_type=\"widget\" data-e-type=\"widget\" data-widget_type=\"text-editor.default\">\n\t\t\t\t<div class=\"elementor-widget-container\">\n\t\t\t\t\t\t\t\t\t<p>Sie sind auf der Suche nach einer verantwortungsvollen Position in einem modernen, wachsenden Bauunternehmen, in dem Ihre Ideen gesch\u00e4tzt und Ihre St\u00e4rken gef\u00f6rdert werden? Die ANPADO BAUEN UND WOHNEN GmbH bietet Ihnen die M\u00f6glichkeit, in einem motivierten und engagierten Team ma\u00dfgeblich zum Erfolg komplexer Bauprojekte beizutragen. Werden Sie Teil eines innovativen Unternehmens mit flachen Hierarchien, attraktiven Rahmenbedingungen und viel Raum f\u00fcr Ihre pers\u00f6nliche und fachliche Entwicklung.<br \/><br \/><\/p><p><strong>Aufgaben:<\/strong><\/p><ul><li>Planung, F\u00fchrung und Abrechnung anspruchsvoller Bauprojekte in Teamarbeit<\/li><li>Koordination und Steuerung der Planer, Nachunternehmer und interner Beteiligten im Verlauf des Bauprojektes<\/li><li>Pr\u00fcfung der qualit\u00e4ts-, termingerechter sowie vertragskonformer Ausf\u00fchrung auf der Baustelle und deren Dokumentation<\/li><li>Erarbeiten und Herbeif\u00fchren technischer L\u00f6sungen<\/li><li>Mitwirkung bei der Auswahl der Bauverfahren<\/li><li>Ansprechpartner f\u00fcr Nachunternehmer<\/li><li>Unterst\u00fctzung der Projektleitung in der \u00dcberwachung des Bauablaufs und der Kontrolle der Kostenstelle hinsichtlich des wirtschaftlichen Erfolgs<\/li><li>Projektbezogener Schriftverkehr<\/li><li>Erstellung von Aufma\u00dfen und Abrechnungen<\/li><\/ul><p>\u00a0<br \/><strong>Ihr Profil:<\/strong><\/p><ul><li>Abgeschlossenes Studium des Bauingenieurwesens\/Architektur (TH\/FH), oder Berufserfahrung in vergleichbarer Position<\/li><li>Verantwortliches unternehmerisches Denken und Handeln<\/li><li>Gute Anwenderkenntnisse in MS Office<\/li><li>Engagierte und motivierte Mitarbeit sowie Flexibilit\u00e4t<\/li><li>Strukturierte, selbstst\u00e4ndige und l\u00f6sungsorientierte Arbeitsweise<\/li><\/ul><p>\u00a0<br \/><strong>Wir bieten Ihnen:<\/strong>\u00a0\u00a0<\/p><ul><li>Krisensichere Besch\u00e4ftigung, in einem deutschlandweit t\u00e4tigem Unternehmen<\/li><li>Arbeitszeiten, die zu deiner Work-Life-Balance passen (Mo.-Fr.)<\/li><li>Weiterentwicklungsm\u00f6glichkeiten sowie ein sicherer Arbeitsplatz<\/li><li>Eine umfassende Einarbeitung<\/li><li>Ein attraktives Gehalt und ein Altersvorsorgemodel<\/li><li>Sonderzahlungen<\/li><li>Kostenlose Getr\u00e4nke<\/li><li>Firmenevents<\/li><li>Ein abwechslungsreiches Arbeitsumfeld mit Gestaltungsspielraum in einem jungen motivierten Team<\/li><li>Ein unbefristeter Arbeitsvertrag sowie flexible Arbeitszeiten und eine leistungsgerechte Verg\u00fctung<\/li><\/ul>\t\t\t\t\t\t\t\t<\/div>\n\t\t\t\t<\/div>\n\t\t\t\t<\/div>\n\t\t\t\t\t<\/div>\n\t\t\t\t<\/div>\n\t\t\t\t<\/div>\n\t\t","protected":false},"excerpt":{"rendered":"<p>Bauleitung (M\/W\/D) Schl\u00fcsselfertigbau Professionelle Bauleitung mit Verantwortung im Schl\u00fcsselfertigbau Die ANPADO BAUEN UND WOHNEN GmbH sucht eine engagierte Bauleitung (m\/w\/d) im Bereich Schl\u00fcsselfertigbau. In einem dynamischen, motivierten Team \u00fcbernehmen Sie die Planung, Koordination und Abrechnung anspruchsvoller Bauprojekte. Ihre Aufgaben umfassen unter anderem die Steuerung interner und externer Projektbeteiligter, die Sicherstellung der termin-, qualit\u00e4ts- und vertragsgerechten [&hellip;]<\/p>\n","protected":false},"author":1,"featured_media":0,"parent":49,"menu_order":0,"comment_status":"closed","ping_status":"closed","template":"elementor_header_footer","meta":{"inline_featured_image":false,"footnotes":""},"class_list":["post-1610","page","type-page","status-publish","hentry"],"_links":{"self":[{"href":"https:\/\/anpado.com\/de\/wp-json\/wp\/v2\/pages\/1610","targetHints":{"allow":["GET"]}}],"collection":[{"href":"https:\/\/anpado.com\/de\/wp-json\/wp\/v2\/pages"}],"about":[{"href":"https:\/\/anpado.com\/de\/wp-json\/wp\/v2\/types\/page"}],"author":[{"embeddable":true,"href":"https:\/\/anpado.com\/de\/wp-json\/wp\/v2\/users\/1"}],"replies":[{"embeddable":true,"href":"https:\/\/anpado.com\/de\/wp-json\/wp\/v2\/comments?post=1610"}],"version-history":[{"count":14,"href":"https:\/\/anpado.com\/de\/wp-json\/wp\/v2\/pages\/1610\/revisions"}],"predecessor-version":[{"id":2013,"href":"https:\/\/anpado.com\/de\/wp-json\/wp\/v2\/pages\/1610\/revisions\/2013"}],"up":[{"embeddable":true,"href":"https:\/\/anpado.com\/de\/wp-json\/wp\/v2\/pages\/49"}],"wp:attachment":[{"href":"https:\/\/anpado.com\/de\/wp-json\/wp\/v2\/media?parent=1610"}],"curies":[{"name":"wp","href":"https:\/\/api.w.org\/{rel}","templated":true}]}}