{"id":1103,"date":"2025-03-15T10:21:34","date_gmt":"2025-03-15T10:21:34","guid":{"rendered":"http:\/\/relaunchanpado.com\/?page_id=1103"},"modified":"2025-07-16T14:49:22","modified_gmt":"2025-07-16T14:49:22","slug":"immobilienkauffrau","status":"publish","type":"page","link":"https:\/\/anpado.com\/de\/jobs\/immobilienkauffrau\/","title":{"rendered":"Teamassistenz\/Immobilienkauffrau (m\/w\/d)"},"content":{"rendered":"\t\t<div data-elementor-type=\"wp-page\" data-elementor-id=\"1103\" class=\"elementor elementor-1103\" data-elementor-post-type=\"page\">\n\t\t\t\t<div class=\"elementor-element elementor-element-7d23843 e-flex e-con-boxed e-con e-parent\" data-id=\"7d23843\" data-element_type=\"container\" data-e-type=\"container\" data-settings=\"{&quot;background_background&quot;:&quot;classic&quot;}\">\n\t\t\t\t\t<div class=\"e-con-inner\">\n\t\t<div class=\"elementor-element elementor-element-df6d3de e-con-full e-flex e-con e-child\" data-id=\"df6d3de\" data-element_type=\"container\" data-e-type=\"container\">\n\t\t<div class=\"elementor-element elementor-element-ba6f0e3 e-con-full e-flex e-con e-child\" data-id=\"ba6f0e3\" data-element_type=\"container\" data-e-type=\"container\">\n\t\t\t\t<div class=\"elementor-element elementor-element-e8b28b1 elementor-invisible elementor-widget elementor-widget-heading\" data-id=\"e8b28b1\" data-element_type=\"widget\" data-e-type=\"widget\" data-settings=\"{&quot;_animation&quot;:&quot;fadeInLeft&quot;}\" data-widget_type=\"heading.default\">\n\t\t\t\t<div class=\"elementor-widget-container\">\n\t\t\t\t\t<h1 class=\"elementor-heading-title elementor-size-default\">Teamassistenz\/Immobilienkauffrau (M\/W\/D)<\/h1>\t\t\t\t<\/div>\n\t\t\t\t<\/div>\n\t\t\t\t<div class=\"elementor-element elementor-element-6e2b0e7 elementor-invisible elementor-widget elementor-widget-heading\" data-id=\"6e2b0e7\" data-element_type=\"widget\" data-e-type=\"widget\" data-settings=\"{&quot;_animation&quot;:&quot;fadeInLeft&quot;,&quot;_animation_delay&quot;:200}\" data-widget_type=\"heading.default\">\n\t\t\t\t<div class=\"elementor-widget-container\">\n\t\t\t\t\t<h2 class=\"elementor-heading-title elementor-size-default\">Professionelle Teamassistenz mit Immobilienfokus gesucht \u2013 Werden Sie Teil eines dynamischen Unternehmens!<\/h2>\t\t\t\t<\/div>\n\t\t\t\t<\/div>\n\t\t\t\t<div class=\"elementor-element elementor-element-f3b8c2e elementor-invisible elementor-widget elementor-widget-text-editor\" data-id=\"f3b8c2e\" data-element_type=\"widget\" data-e-type=\"widget\" data-settings=\"{&quot;_animation&quot;:&quot;fadeInLeft&quot;,&quot;_animation_delay&quot;:400}\" data-widget_type=\"text-editor.default\">\n\t\t\t\t<div class=\"elementor-widget-container\">\n\t\t\t\t\t\t\t\t\t<p class=\"\" data-start=\"112\" data-end=\"631\">Die ANPADO BAUEN UND WOHNEN GmbH sucht eine engagierte <strong data-start=\"167\" data-end=\"216\">Teamassistenz bzw. Immobilienkauffrau (M\/W\/D)<\/strong> zur Unterst\u00fctzung ihres motivierten Teams. In dieser vielseitigen Position \u00fcbernehmen Sie eigenst\u00e4ndig administrative Aufgaben, organisieren das B\u00fcro und fungieren als Schnittstelle zwischen Gesch\u00e4ftsleitung, Kunden und Fachbereichen. Zu Ihren Aufgaben z\u00e4hlen unter anderem die Terminplanung, Korrespondenzverwaltung, Unterst\u00fctzung gem\u00e4\u00df der MaBV, sowie die Pr\u00fcfung und Bearbeitung von Bestellungen und Rechnungen.<\/p><p class=\"\" data-start=\"633\" data-end=\"912\">Ideale Kandidat:innen bringen eine Ausbildung im Immobilien- oder kaufm\u00e4nnischen Bereich, Erfahrung in der Wohnungswirtschaft sowie ausgepr\u00e4gte organisatorische F\u00e4higkeiten mit. Kommunikationsst\u00e4rke, Serviceorientierung und ein sicherer Umgang mit MS Office runden Ihr Profil ab.<\/p><p class=\"\" data-start=\"914\" data-end=\"1144\">Das Unternehmen bietet Ihnen ein abwechslungsreiches Arbeitsumfeld mit Entwicklungsm\u00f6glichkeiten, eine unbefristete Teilzeitstelle (ca. 20 Stunden flexibel) mit geregelten Arbeitszeiten sowie ein motiviertes, unterst\u00fctzendes Team.<\/p>\t\t\t\t\t\t\t\t<\/div>\n\t\t\t\t<\/div>\n\t\t\t\t<\/div>\n\t\t\t\t<\/div>\n\t\t<div class=\"elementor-element elementor-element-3cb7254 e-con-full elementor-hidden-tablet_extra elementor-hidden-tablet elementor-hidden-mobile_extra elementor-hidden-mobile e-flex e-con e-child\" data-id=\"3cb7254\" data-element_type=\"container\" data-e-type=\"container\">\n\t\t\t\t<\/div>\n\t\t\t\t\t<\/div>\n\t\t\t\t<\/div>\n\t\t<div class=\"elementor-element elementor-element-8f3971c e-flex e-con-boxed e-con e-parent\" data-id=\"8f3971c\" data-element_type=\"container\" data-e-type=\"container\">\n\t\t\t\t\t<div class=\"e-con-inner\">\n\t\t<div class=\"elementor-element elementor-element-72c2053 e-con-full e-flex e-con e-child\" data-id=\"72c2053\" data-element_type=\"container\" data-e-type=\"container\">\n\t\t\t\t<div class=\"elementor-element elementor-element-8d63313 elementor-widget elementor-widget-heading\" data-id=\"8d63313\" data-element_type=\"widget\" data-e-type=\"widget\" data-widget_type=\"heading.default\">\n\t\t\t\t<div class=\"elementor-widget-container\">\n\t\t\t\t\t<h2 class=\"elementor-heading-title elementor-size-default\">Wir suchen zum n\u00e4chstm\u00f6glichen Termin eine Teamassistenz\/<br>Immobilienkauffrau (M\/W\/D)<\/h2>\t\t\t\t<\/div>\n\t\t\t\t<\/div>\n\t\t\t\t<\/div>\n\t\t<div class=\"elementor-element elementor-element-9e6d392 e-con-full e-flex e-con e-child\" data-id=\"9e6d392\" data-element_type=\"container\" data-e-type=\"container\">\n\t\t\t\t<div class=\"elementor-element elementor-element-fee00ad elementor-widget elementor-widget-text-editor\" data-id=\"fee00ad\" data-element_type=\"widget\" data-e-type=\"widget\" data-widget_type=\"text-editor.default\">\n\t\t\t\t<div class=\"elementor-widget-container\">\n\t\t\t\t\t\t\t\t\t<p>Unser junges und kompaktes Team ist jederzeit bem\u00fcht<\/p><p>\u2013 den Landschafts-, Hochbau- und Innenarchitekten,<br \/>\u2013 Fliesenlegern und K\u00fcchenaufbaufirmen,<br \/>\u2013 den Garten- und Landschaftsbauunternehmern, sowie<br \/>\u2013 den privaten Bauherren<\/p><p>umfassend zu beraten, bei der Auswahl seiner Produkte f\u00fcr den Au\u00dfen-, Innen- und\u00a0K\u00fcchenbereich behilflich zu sein und von der Planungsphase bis hin zu Lieferung\u00a0und Verlegung als Ansprechpartner zur Verf\u00fcgung zu stehen.<\/p><p>Als schnell wachsendes, dynamisches Unternehmen mit internationaler Ausrichtung\u00a0entwickelt und fertigt unser junges Team innovative L\u00f6sungen f\u00fcr namhafte Kunden\u00a0aus verschiedenen Branchen.<\/p><p>Zur Unterst\u00fctzung unseres Teams suchen wir zum n\u00e4chstm\u00f6glichen Zeitpunkt\u00a0einen motivierten &amp; hilfsbereiten Werkstudenten (m\/w\/d). Aufgrund der unterschiedlichen\u00a0Aufgaben sind wir sowohl an einer kurzfristigen aber auch an einer l\u00e4ngeren\u00a0Zusammenarbeit interessiert.<\/p><p><strong>Aufgabenschwerpunkte \/ T\u00e4tigkeiten:<\/strong><\/p><p>\u2013 Das ermitteln von Ma\u00dfen aus Baupl\u00e4nen<br \/>\u2013 Kalkulieren &amp; Schreiben von Angeboten<br \/>\u2013 allgemeine B\u00fcrot.tigkeiten<\/p><p><strong>Qualifikation \/ Profil:<\/strong><\/p><p>\u2013 In einem hochmotivierten und leistungsbereiten Team k\u00f6nnen Sie sich gut\u00a0integrieren.<br \/>\u2013 Sie k\u00f6nnen selbst\u00e4ndig und engagiert arbeiten<br \/>\u2013 Zu MS Office, Internet und E-Mail verf\u00fcgen Sie \u00fcber gute Kenntnisse.<\/p><p><strong>Haben wir Ihr Interesse geweckt?<\/strong><\/p><p>Bitte senden Sie uns Ihre aussagekr\u00e4ftige Bewerbung mit Anschreiben, Lebenslauf\u00a0und Zeugnissen an Herrn Pavic unter:\u00a0<a href=\"mailto:info@anpado.com\"><strong>info@anpado.com<\/strong><\/a><\/p>\t\t\t\t\t\t\t\t<\/div>\n\t\t\t\t<\/div>\n\t\t\t\t<\/div>\n\t\t\t\t\t<\/div>\n\t\t\t\t<\/div>\n\t\t\t\t<\/div>\n\t\t","protected":false},"excerpt":{"rendered":"<p>Teamassistenz\/Immobilienkauffrau (M\/W\/D) Professionelle Teamassistenz mit Immobilienfokus gesucht \u2013 Werden Sie Teil eines dynamischen Unternehmens! Die ANPADO BAUEN UND WOHNEN GmbH sucht eine engagierte Teamassistenz bzw. Immobilienkauffrau (M\/W\/D) zur Unterst\u00fctzung ihres motivierten Teams. In dieser vielseitigen Position \u00fcbernehmen Sie eigenst\u00e4ndig administrative Aufgaben, organisieren das B\u00fcro und fungieren als Schnittstelle zwischen Gesch\u00e4ftsleitung, Kunden und Fachbereichen. Zu Ihren [&hellip;]<\/p>\n","protected":false},"author":1,"featured_media":0,"parent":49,"menu_order":0,"comment_status":"closed","ping_status":"closed","template":"elementor_header_footer","meta":{"inline_featured_image":false,"footnotes":""},"class_list":["post-1103","page","type-page","status-publish","hentry"],"_links":{"self":[{"href":"https:\/\/anpado.com\/de\/wp-json\/wp\/v2\/pages\/1103","targetHints":{"allow":["GET"]}}],"collection":[{"href":"https:\/\/anpado.com\/de\/wp-json\/wp\/v2\/pages"}],"about":[{"href":"https:\/\/anpado.com\/de\/wp-json\/wp\/v2\/types\/page"}],"author":[{"embeddable":true,"href":"https:\/\/anpado.com\/de\/wp-json\/wp\/v2\/users\/1"}],"replies":[{"embeddable":true,"href":"https:\/\/anpado.com\/de\/wp-json\/wp\/v2\/comments?post=1103"}],"version-history":[{"count":21,"href":"https:\/\/anpado.com\/de\/wp-json\/wp\/v2\/pages\/1103\/revisions"}],"predecessor-version":[{"id":2036,"href":"https:\/\/anpado.com\/de\/wp-json\/wp\/v2\/pages\/1103\/revisions\/2036"}],"up":[{"embeddable":true,"href":"https:\/\/anpado.com\/de\/wp-json\/wp\/v2\/pages\/49"}],"wp:attachment":[{"href":"https:\/\/anpado.com\/de\/wp-json\/wp\/v2\/media?parent=1103"}],"curies":[{"name":"wp","href":"https:\/\/api.w.org\/{rel}","templated":true}]}}