{"id":1098,"date":"2025-03-15T10:17:04","date_gmt":"2025-03-15T10:17:04","guid":{"rendered":"http:\/\/relaunchanpado.com\/?page_id=1098"},"modified":"2025-07-16T14:32:19","modified_gmt":"2025-07-16T14:32:19","slug":"schlosser-2","status":"publish","type":"page","link":"https:\/\/anpado.com\/de\/jobs\/schlosser-2\/","title":{"rendered":"Schlosser (M\/W\/D)"},"content":{"rendered":"\t\t<div data-elementor-type=\"wp-page\" data-elementor-id=\"1098\" class=\"elementor elementor-1098\" data-elementor-post-type=\"page\">\n\t\t\t\t<div class=\"elementor-element elementor-element-e0ccbe5 e-flex e-con-boxed e-con e-parent\" data-id=\"e0ccbe5\" data-element_type=\"container\" data-e-type=\"container\" data-settings=\"{&quot;background_background&quot;:&quot;classic&quot;}\">\n\t\t\t\t\t<div class=\"e-con-inner\">\n\t\t<div class=\"elementor-element elementor-element-21a4f0d e-con-full e-flex e-con e-child\" data-id=\"21a4f0d\" data-element_type=\"container\" data-e-type=\"container\">\n\t\t<div class=\"elementor-element elementor-element-7bf9cb7 e-con-full e-flex e-con e-child\" data-id=\"7bf9cb7\" data-element_type=\"container\" data-e-type=\"container\">\n\t\t\t\t<div class=\"elementor-element elementor-element-c1046f3 elementor-invisible elementor-widget elementor-widget-heading\" data-id=\"c1046f3\" data-element_type=\"widget\" data-e-type=\"widget\" data-settings=\"{&quot;_animation&quot;:&quot;fadeInLeft&quot;}\" data-widget_type=\"heading.default\">\n\t\t\t\t<div class=\"elementor-widget-container\">\n\t\t\t\t\t<h1 class=\"elementor-heading-title elementor-size-default\">Schlosser (m\/w\/d) idealerweise mit Meistertitel<\/h1>\t\t\t\t<\/div>\n\t\t\t\t<\/div>\n\t\t\t\t<div class=\"elementor-element elementor-element-1c19eb4 elementor-invisible elementor-widget elementor-widget-heading\" data-id=\"1c19eb4\" data-element_type=\"widget\" data-e-type=\"widget\" data-settings=\"{&quot;_animation&quot;:&quot;fadeInLeft&quot;,&quot;_animation_delay&quot;:200}\" data-widget_type=\"heading.default\">\n\t\t\t\t<div class=\"elementor-widget-container\">\n\t\t\t\t\t<h2 class=\"elementor-heading-title elementor-size-default\">Berufsperspektive mit Zukunft: Schlosser (m\/w\/d) mit Entwicklungschancen bei ANPADO<\/h2>\t\t\t\t<\/div>\n\t\t\t\t<\/div>\n\t\t\t\t<div class=\"elementor-element elementor-element-b06c40d elementor-invisible elementor-widget elementor-widget-text-editor\" data-id=\"b06c40d\" data-element_type=\"widget\" data-e-type=\"widget\" data-settings=\"{&quot;_animation&quot;:&quot;fadeInLeft&quot;,&quot;_animation_delay&quot;:400}\" data-widget_type=\"text-editor.default\">\n\t\t\t\t<div class=\"elementor-widget-container\">\n\t\t\t\t\t\t\t\t\t<p class=\"\" data-start=\"158\" data-end=\"553\">Unser etabliertes, deutschlandweit agierendes Unternehmen sucht zum n\u00e4chstm\u00f6glichen Zeitpunkt einen <strong data-start=\"256\" data-end=\"277\">Schlosser (m\/w\/d)<\/strong> \u2013 idealerweise mit Meistertitel \u2013 zur Verst\u00e4rkung unseres Teams. Die T\u00e4tigkeit umfasst die Fertigung und Montage nach Zeichnungen, die Bedienung von Bearbeitungsmaschinen, sowie Zuschnitt und Materialvorbereitung. Ein g\u00fcltiger Schwei\u00dfer-Pass (MAG, WIG, E-Hand) ist w\u00fcnschenswert.<\/p><p class=\"\" data-start=\"555\" data-end=\"838\">Gesucht wird eine engagierte, teamf\u00e4hige Pers\u00f6nlichkeit mit abgeschlossener Ausbildung als Schlosser, strukturierter Arbeitsweise sowie unternehmerischem Denken. Eigenverantwortliches Handeln, Zuverl\u00e4ssigkeit und ein sicheres, freundliches Auftreten runden das Anforderungsprofil ab.<\/p><p class=\"\" data-start=\"840\" data-end=\"1237\">ANPADO bietet eine krisensichere Anstellung mit unbefristetem Vertrag, attraktiver Verg\u00fctung inklusive Sonderzahlungen, betrieblicher Altersvorsorge und flexiblen Arbeitszeiten (Mo.\u2013Fr.). Neben umfassender Einarbeitung und Weiterbildungsoptionen erwartet Sie ein motiviertes Team, kostenfreie Getr\u00e4nke, Firmenevents und spannende Projekte f\u00fcr namhafte Unternehmen der Baubranche.<\/p>\t\t\t\t\t\t\t\t<\/div>\n\t\t\t\t<\/div>\n\t\t\t\t<\/div>\n\t\t\t\t<\/div>\n\t\t<div class=\"elementor-element elementor-element-6cafad8 e-con-full elementor-hidden-tablet_extra elementor-hidden-tablet elementor-hidden-mobile elementor-hidden-mobile_extra e-flex e-con e-child\" data-id=\"6cafad8\" data-element_type=\"container\" data-e-type=\"container\">\n\t\t\t\t<\/div>\n\t\t\t\t\t<\/div>\n\t\t\t\t<\/div>\n\t\t<div class=\"elementor-element elementor-element-45ad394 e-flex e-con-boxed e-con e-parent\" data-id=\"45ad394\" data-element_type=\"container\" data-e-type=\"container\">\n\t\t\t\t\t<div class=\"e-con-inner\">\n\t\t<div class=\"elementor-element elementor-element-44d7ee8 e-con-full e-flex e-con e-child\" data-id=\"44d7ee8\" data-element_type=\"container\" data-e-type=\"container\">\n\t\t\t\t<div class=\"elementor-element elementor-element-80e47d0 elementor-widget elementor-widget-heading\" data-id=\"80e47d0\" data-element_type=\"widget\" data-e-type=\"widget\" data-widget_type=\"heading.default\">\n\t\t\t\t<div class=\"elementor-widget-container\">\n\t\t\t\t\t<h2 class=\"elementor-heading-title elementor-size-default\">Wir suchen ab sofort einen Schlosser (M\/W\/D) - idealerweise mit Meistertitel<\/h2>\t\t\t\t<\/div>\n\t\t\t\t<\/div>\n\t\t\t\t<\/div>\n\t\t<div class=\"elementor-element elementor-element-330eb3e e-con-full e-flex e-con e-child\" data-id=\"330eb3e\" data-element_type=\"container\" data-e-type=\"container\">\n\t\t\t\t<div class=\"elementor-element elementor-element-83d0ec6 elementor-widget elementor-widget-text-editor\" data-id=\"83d0ec6\" data-element_type=\"widget\" data-e-type=\"widget\" data-widget_type=\"text-editor.default\">\n\t\t\t\t<div class=\"elementor-widget-container\">\n\t\t\t\t\t\t\t\t\t<p class=\"\" data-start=\"165\" data-end=\"688\">Die <strong data-start=\"169\" data-end=\"201\">ANPADO BAUEN UND WOHNEN GmbH<\/strong> steht f\u00fcr modernes Bauen, kundenorientiertes Denken und ein engagiertes Team. Unser junges und dynamisches Unternehmen entwickelt sich kontinuierlich weiter \u2013 mit dem Ziel, individuelle Wohntr\u00e4ume zu realisieren. Zur Verst\u00e4rkung unseres Teams suchen wir ab sofort eine zuverl\u00e4ssige und strukturierte <strong data-start=\"502\" data-end=\"548\">Teamassistenz \/ Immobilienkauffrau (m\/w\/d)<\/strong> in Teilzeit. Wenn Sie Freude an Organisation, Kommunikation und einem wertsch\u00e4tzenden Miteinander haben, freuen wir uns auf Ihre Bewerbung.<\/p><p><strong>Aufgaben:<\/strong><\/p><ul><li>\u00dcbernahme von administrativen Aufgaben und eigenverantwortliche B\u00fcroorgani-sation<\/li><\/ul><ul><li>Assistenzt\u00e4tigkeiten nach der MaBV (Makler- und Bautr\u00e4gerverordnung)<\/li><li>Allgemeine Unterst\u00fctzung der Gesch\u00e4ftsleitung<\/li><li>Planung und Koordination von Terminen und Bearbeitung der Korrespondenz und Verwaltung des Schriftverkehrs<\/li><li>Kommunikation mit Kunden und Fachbereichen (schriftlich und telefonisch)<\/li><li>Bearbeitung der Eingangspost<\/li><li>Bestellerfassung, Rechnungspr\u00fcfung- und Bearbeitung sowie Mitwirkung bei der Kostenverfolgung<\/li><\/ul><p><strong>Ihr Profil:<\/strong><\/p><ul><li>Ausbildung als Immobilienkauffrau\/-mann, oder kaufm\u00e4nnische Ausbildung mit branchenbezogenem Hintergrund w\u00fcnschenswert<\/li><li>Berufserfahrung in der Wohnungswirtschaft<\/li><li>Sehr gute MS-Office Kenntnisse<\/li><li>Hohes Ma\u00df an Zuverl\u00e4ssigkeit, Loyalit\u00e4t und Engagement<\/li><li>Sicheres Auftreten, Kommunikationsst\u00e4rke und Serviceorientierung<\/li><li>Freude am Umgang mit Mitarbeitern und Kunden<\/li><li>Selbstst\u00e4ndige, eigenverantwortliche Arbeitsweise und organisatorisches Geschick<\/li><\/ul><p><strong>Wir bieten Ihnen:<\/strong><\/p><ul><li>Ein abwechslungsreiches Arbeitsumfeld mit Gestaltungsspielraum in einem jungen motivierten Team<\/li><li>Ein unbefristeter Arbeitsvertrag sowie feste, geregelte Arbeitszeiten und eine<\/li><\/ul><p>leistungsgerechte Verg\u00fctung<\/p><ul><li>Mitarbeit an interessanten Aufgaben und Projekten<\/li><li>Teilzeit &#8211; Vormittag;Teilzeit &#8211; Nachmittag<\/li><li>Teilzeit, 20 Stunden flexibel, Arbeitszeiten nach Absprache<\/li><\/ul>\t\t\t\t\t\t\t\t<\/div>\n\t\t\t\t<\/div>\n\t\t\t\t<\/div>\n\t\t\t\t\t<\/div>\n\t\t\t\t<\/div>\n\t\t\t\t<\/div>\n\t\t","protected":false},"excerpt":{"rendered":"<p>Jetzt als Schlosser (m\/w\/d) bewerben! Sicherer Job mit Top-Verg\u00fctung, Entwicklungschancen &#038; flexible Arbeitszeiten in einem starken Team.<\/p>\n","protected":false},"author":1,"featured_media":0,"parent":49,"menu_order":0,"comment_status":"closed","ping_status":"closed","template":"elementor_header_footer","meta":{"inline_featured_image":false,"footnotes":""},"class_list":["post-1098","page","type-page","status-publish","hentry"],"_links":{"self":[{"href":"https:\/\/anpado.com\/de\/wp-json\/wp\/v2\/pages\/1098","targetHints":{"allow":["GET"]}}],"collection":[{"href":"https:\/\/anpado.com\/de\/wp-json\/wp\/v2\/pages"}],"about":[{"href":"https:\/\/anpado.com\/de\/wp-json\/wp\/v2\/types\/page"}],"author":[{"embeddable":true,"href":"https:\/\/anpado.com\/de\/wp-json\/wp\/v2\/users\/1"}],"replies":[{"embeddable":true,"href":"https:\/\/anpado.com\/de\/wp-json\/wp\/v2\/comments?post=1098"}],"version-history":[{"count":52,"href":"https:\/\/anpado.com\/de\/wp-json\/wp\/v2\/pages\/1098\/revisions"}],"predecessor-version":[{"id":2032,"href":"https:\/\/anpado.com\/de\/wp-json\/wp\/v2\/pages\/1098\/revisions\/2032"}],"up":[{"embeddable":true,"href":"https:\/\/anpado.com\/de\/wp-json\/wp\/v2\/pages\/49"}],"wp:attachment":[{"href":"https:\/\/anpado.com\/de\/wp-json\/wp\/v2\/media?parent=1098"}],"curies":[{"name":"wp","href":"https:\/\/api.w.org\/{rel}","templated":true}]}}