{"id":1093,"date":"2025-03-15T10:15:51","date_gmt":"2025-03-15T10:15:51","guid":{"rendered":"http:\/\/relaunchanpado.com\/?page_id=1093"},"modified":"2025-07-16T14:28:33","modified_gmt":"2025-07-16T14:28:33","slug":"student-bauingenieurwesen","status":"publish","type":"page","link":"https:\/\/anpado.com\/de\/jobs\/student-bauingenieurwesen\/","title":{"rendered":"Diplom-Ingenieur\/in &#8211; Bauingenieurwesen (Hochbau)"},"content":{"rendered":"\t\t<div data-elementor-type=\"wp-page\" data-elementor-id=\"1093\" class=\"elementor elementor-1093\" data-elementor-post-type=\"page\">\n\t\t\t\t<div class=\"elementor-element elementor-element-e0d6cf0 e-flex e-con-boxed e-con e-parent\" data-id=\"e0d6cf0\" data-element_type=\"container\" data-e-type=\"container\" data-settings=\"{&quot;background_background&quot;:&quot;classic&quot;}\">\n\t\t\t\t\t<div class=\"e-con-inner\">\n\t\t<div class=\"elementor-element elementor-element-a11eb61 e-con-full e-flex e-con e-child\" data-id=\"a11eb61\" data-element_type=\"container\" data-e-type=\"container\">\n\t\t<div class=\"elementor-element elementor-element-44581e0 e-con-full e-flex e-con e-child\" data-id=\"44581e0\" data-element_type=\"container\" data-e-type=\"container\">\n\t\t\t\t<div class=\"elementor-element elementor-element-ac77e29 elementor-invisible elementor-widget elementor-widget-heading\" data-id=\"ac77e29\" data-element_type=\"widget\" data-e-type=\"widget\" data-settings=\"{&quot;_animation&quot;:&quot;fadeInLeft&quot;}\" data-widget_type=\"heading.default\">\n\t\t\t\t<div class=\"elementor-widget-container\">\n\t\t\t\t\t<h1 class=\"elementor-heading-title elementor-size-default\">Diplom-Ingenieur\/in - Bauingenieurwesen (Hochbau) - Duale\/r Student\/in Bauingenieurwesen (M\/W\/D)<\/h1>\t\t\t\t<\/div>\n\t\t\t\t<\/div>\n\t\t\t\t<div class=\"elementor-element elementor-element-d057227 elementor-invisible elementor-widget elementor-widget-heading\" data-id=\"d057227\" data-element_type=\"widget\" data-e-type=\"widget\" data-settings=\"{&quot;_animation&quot;:&quot;fadeInLeft&quot;,&quot;_animation_delay&quot;:200}\" data-widget_type=\"heading.default\">\n\t\t\t\t<div class=\"elementor-widget-container\">\n\t\t\t\t\t<h2 class=\"elementor-heading-title elementor-size-default\">Berufseinstieg mit Perspektive: Duales Studium Bauingenieurwesen bei ANPADO<\/h2>\t\t\t\t<\/div>\n\t\t\t\t<\/div>\n\t\t\t\t<div class=\"elementor-element elementor-element-91b0f9d elementor-invisible elementor-widget elementor-widget-text-editor\" data-id=\"91b0f9d\" data-element_type=\"widget\" data-e-type=\"widget\" data-settings=\"{&quot;_animation&quot;:&quot;fadeInLeft&quot;,&quot;_animation_delay&quot;:400}\" data-widget_type=\"text-editor.default\">\n\t\t\t\t<div class=\"elementor-widget-container\">\n\t\t\t\t\t\t\t\t\t<p class=\"\" data-start=\"81\" data-end=\"484\">ANPADO, ein moderner Meisterbetrieb und Mitglied der Handwerkskammer Dortmund, bietet engagierten Nachwuchstalenten die M\u00f6glichkeit, ein <strong>duales Studium im Bauingenieurwesen<\/strong> zu absolvieren. In einem dynamischen und motivierten Team erhalten duale Studierende vielseitige Einblicke in unterschiedliche Bereiche des Bauwesens \u2013 von der Baukalkulation \u00fcber die Bau\u00fcberwachung bis hin zum Projektmanagement.<\/p><p class=\"\" data-start=\"486\" data-end=\"875\">Gesucht werden motivierte Abiturient:innen oder Fachhochschulabsolvent:innen mit handwerklichem Geschick, technischem Verst\u00e4ndnis und Freude an Teamarbeit. Neben einer strukturierten Einarbeitung und einem abwechslungsreichen Arbeitsumfeld erwarten die Studierenden attraktive Entwicklungsm\u00f6glichkeiten, eine faire Verg\u00fctung sowie ein unterst\u00fctzendes Teamklima mit gemeinsamen Aktivit\u00e4ten.<\/p><p class=\"\" data-start=\"877\" data-end=\"1069\">ANPADO bietet nicht nur Raum f\u00fcr pers\u00f6nliche und fachliche Entfaltung, sondern versteht sich als Ausbildungsbetrieb mit Zukunft \u2013 ideal f\u00fcr alle, die im Bauingenieurwesen durchstarten m\u00f6chten.<\/p>\t\t\t\t\t\t\t\t<\/div>\n\t\t\t\t<\/div>\n\t\t\t\t<\/div>\n\t\t\t\t<\/div>\n\t\t<div class=\"elementor-element elementor-element-0e37169 e-con-full elementor-hidden-tablet_extra elementor-hidden-tablet elementor-hidden-mobile_extra elementor-hidden-mobile e-flex e-con e-child\" data-id=\"0e37169\" data-element_type=\"container\" data-e-type=\"container\">\n\t\t\t\t<\/div>\n\t\t\t\t\t<\/div>\n\t\t\t\t<\/div>\n\t\t<div class=\"elementor-element elementor-element-0cbfb18 e-flex e-con-boxed e-con e-parent\" data-id=\"0cbfb18\" data-element_type=\"container\" data-e-type=\"container\">\n\t\t\t\t\t<div class=\"e-con-inner\">\n\t\t<div class=\"elementor-element elementor-element-75e038e e-con-full e-flex e-con e-child\" data-id=\"75e038e\" data-element_type=\"container\" data-e-type=\"container\">\n\t\t\t\t<div class=\"elementor-element elementor-element-e1f0413 elementor-widget elementor-widget-heading\" data-id=\"e1f0413\" data-element_type=\"widget\" data-e-type=\"widget\" data-widget_type=\"heading.default\">\n\t\t\t\t<div class=\"elementor-widget-container\">\n\t\t\t\t\t<h2 class=\"elementor-heading-title elementor-size-default\">Duale\/r Student\/in Bauingenieurwesen (M\/W\/D)<\/h2>\t\t\t\t<\/div>\n\t\t\t\t<\/div>\n\t\t\t\t<\/div>\n\t\t<div class=\"elementor-element elementor-element-f4c9d2c e-con-full e-flex e-con e-child\" data-id=\"f4c9d2c\" data-element_type=\"container\" data-e-type=\"container\">\n\t\t\t\t<div class=\"elementor-element elementor-element-52c1228 elementor-widget elementor-widget-text-editor\" data-id=\"52c1228\" data-element_type=\"widget\" data-e-type=\"widget\" data-widget_type=\"text-editor.default\">\n\t\t\t\t<div class=\"elementor-widget-container\">\n\t\t\t\t\t\t\t\t\t<p class=\"\" data-start=\"201\" data-end=\"670\">Du m\u00f6chtest Theorie und Praxis optimal miteinander verbinden und suchst einen Einstieg ins Bauingenieurwesen mit echten Entwicklungschancen? Dann starte dein duales Studium bei <strong data-start=\"378\" data-end=\"388\">ANPADO<\/strong> \u2013 einem innovativen Meisterbetrieb mit einem jungen, motivierten Team und klarer Zukunftsvision. Bei uns wirst du nicht nur fachlich gefordert, sondern auch menschlich gef\u00f6rdert. Werde Teil eines Unternehmens, das Wert auf Teamgeist, Eigenverantwortung und echte Perspektiven legt!<\/p><p><strong>Aufgaben:<\/strong><\/p><ul><li>Du wirst in verschiedenen Arbeitsgebieten eingesetzt<\/li><li>Du wirkst an Bauprojekten \u2013 z. B. Baukalkulation, Bau\u00fcberwachung und Projektmanagement &#8211; mit<\/li><li>Du erh\u00e4ltst Einblicke in spannende Aufgaben der Projektleitung \u00fcber alle Phasen des Bauprojekts<\/li><li>Allgemeine B\u00fcrot\u00e4tigkeiten<\/li><\/ul><p>\u00a0<br \/><strong>Dein Profil:<\/strong><\/p><ul><li>Du hast (bald) die Fachhochschulreife oder Abitur<\/li><li>Du besitzt handwerkliches Geschick und technisches Verst\u00e4ndnis<\/li><li>Teamarbeit macht dir Spa\u00df und du hast eine strukturierte Arbeitsweise<\/li><li>Du hast eine freundliche Art und ein kommunikatives Auftreten<\/li><li>Du bist belastbar und hast Durchhalteverm\u00f6gen<\/li><li>Du hast mindestens Sprachniveau C1<\/li><\/ul><p>\u00a0<br \/><strong>Wir bieten dir:<\/strong><\/p><ul><li>Ein abwechslungsreiches Arbeitsumfeld mit Gestaltungsspielraum in einem jungen motiviertes Team<\/li><li>Strukturierte und umfangreiche Einarbeitung mit festen Ansprechpartnern<\/li><li>Eine attraktive Ausbildungsverg\u00fctung<\/li><li>Zusammenhalt in einem Team, welches Erfolge feiert und bei gemeinsamen Aktionen und Abenteuer zusammenw\u00e4chst<\/li><li>Top Perspektiven und Entwicklungsm\u00f6glichkeiten<\/li><li>Eine abwechslungsreiche, verantwortungsvolle und interessante T\u00e4tigkeit in einem Unternehmen, in dem Du verschiedenste Bereiche kennenlernen wirst<\/li><li>Kostenlose Getr\u00e4nke und Parkm\u00f6glichkeiten<\/li><\/ul>\t\t\t\t\t\t\t\t<\/div>\n\t\t\t\t<\/div>\n\t\t\t\t<\/div>\n\t\t\t\t\t<\/div>\n\t\t\t\t<\/div>\n\t\t\t\t<\/div>\n\t\t","protected":false},"excerpt":{"rendered":"<p>Diplom-Ingenieur\/in &#8211; Bauingenieurwesen (Hochbau) &#8211; Duale\/r Student\/in Bauingenieurwesen (M\/W\/D) Berufseinstieg mit Perspektive: Duales Studium Bauingenieurwesen bei ANPADO ANPADO, ein moderner Meisterbetrieb und Mitglied der Handwerkskammer Dortmund, bietet engagierten Nachwuchstalenten die M\u00f6glichkeit, ein duales Studium im Bauingenieurwesen zu absolvieren. In einem dynamischen und motivierten Team erhalten duale Studierende vielseitige Einblicke in unterschiedliche Bereiche des Bauwesens \u2013 [&hellip;]<\/p>\n","protected":false},"author":1,"featured_media":0,"parent":49,"menu_order":0,"comment_status":"closed","ping_status":"closed","template":"elementor_header_footer","meta":{"inline_featured_image":false,"footnotes":""},"class_list":["post-1093","page","type-page","status-publish","hentry"],"_links":{"self":[{"href":"https:\/\/anpado.com\/de\/wp-json\/wp\/v2\/pages\/1093","targetHints":{"allow":["GET"]}}],"collection":[{"href":"https:\/\/anpado.com\/de\/wp-json\/wp\/v2\/pages"}],"about":[{"href":"https:\/\/anpado.com\/de\/wp-json\/wp\/v2\/types\/page"}],"author":[{"embeddable":true,"href":"https:\/\/anpado.com\/de\/wp-json\/wp\/v2\/users\/1"}],"replies":[{"embeddable":true,"href":"https:\/\/anpado.com\/de\/wp-json\/wp\/v2\/comments?post=1093"}],"version-history":[{"count":41,"href":"https:\/\/anpado.com\/de\/wp-json\/wp\/v2\/pages\/1093\/revisions"}],"predecessor-version":[{"id":2022,"href":"https:\/\/anpado.com\/de\/wp-json\/wp\/v2\/pages\/1093\/revisions\/2022"}],"up":[{"embeddable":true,"href":"https:\/\/anpado.com\/de\/wp-json\/wp\/v2\/pages\/49"}],"wp:attachment":[{"href":"https:\/\/anpado.com\/de\/wp-json\/wp\/v2\/media?parent=1093"}],"curies":[{"name":"wp","href":"https:\/\/api.w.org\/{rel}","templated":true}]}}